{"id":14577,"date":"2020-07-10T06:49:14","date_gmt":"2020-07-10T06:49:14","guid":{"rendered":"https:\/\/heavens-furniture.com\/?post_type=product&#038;p=14577"},"modified":"2023-11-29T13:26:33","modified_gmt":"2023-11-29T13:26:33","slug":"sandra-gulta-copy","status":"publish","type":"product","link":"https:\/\/heavens-furniture.com\/lv\/produkti\/sandra-gulta-copy\/","title":{"rendered":"Sandra gulta (Copy)"},"content":{"rendered":"<p>&nbsp;<\/p>\n<p>&nbsp;<\/p>\n<p>&nbsp;<\/p>\n<p dir=\"ltr\"><img decoding=\"async\" src=\"\/upload\/Kolekcijas\/Sandra\/sandra_gulta.jpg\" alt=\"\" \/><\/p>\n","protected":false},"excerpt":{"rendered":"<p>Svaiga koka smar\u017ea, m\u0101j\u012bga noska\u0146a, sava pasaule, kuras harmoniju neizjauks neviens.<\/p>\n","protected":false},"featured_media":1375,"template":"","meta":{"_acf_changed":false,"iawp_total_views":0},"product_brand":[],"product_cat":[506],"product_tag":[724,725],"class_list":{"0":"post-14577","1":"product","2":"type-product","3":"status-publish","4":"has-post-thumbnail","6":"product_cat-uncategorized-lv","7":"product_tag-velas-kaste","8":"product_tag-koks","10":"first","11":"instock","12":"shipping-taxable","13":"product-type-simple"},"acf":[],"_links":{"self":[{"href":"https:\/\/heavens-furniture.com\/lv\/wp-json\/wp\/v2\/product\/14577\/"}],"collection":[{"href":"https:\/\/heavens-furniture.com\/lv\/wp-json\/wp\/v2\/product\/"}],"about":[{"href":"https:\/\/heavens-furniture.com\/lv\/wp-json\/wp\/v2\/types\/product\/"}],"wp:featuredmedia":[{"embeddable":true,"href":"https:\/\/heavens-furniture.com\/lv\/wp-json\/wp\/v2\/media\/1375\/"}],"wp:attachment":[{"href":"https:\/\/heavens-furniture.com\/lv\/wp-json\/wp\/v2\/media\/?parent=14577"}],"wp:term":[{"taxonomy":"product_brand","embeddable":true,"href":"https:\/\/heavens-furniture.com\/lv\/wp-json\/wp\/v2\/product_brand\/?post=14577"},{"taxonomy":"product_cat","embeddable":true,"href":"https:\/\/heavens-furniture.com\/lv\/wp-json\/wp\/v2\/product_cat\/?post=14577"},{"taxonomy":"product_tag","embeddable":true,"href":"https:\/\/heavens-furniture.com\/lv\/wp-json\/wp\/v2\/product_tag\/?post=14577"}],"curies":[{"name":"wp","href":"https:\/\/api.w.org\/{rel}","templated":true}]}}