{"id":15474,"date":"2021-09-02T08:59:33","date_gmt":"2021-09-02T08:59:33","guid":{"rendered":"https:\/\/heavens-furniture.com\/?post_type=product&#038;p=15474"},"modified":"2023-11-29T13:24:58","modified_gmt":"2023-11-29T13:24:58","slug":"nora-kumode","status":"publish","type":"product","link":"https:\/\/heavens-furniture.com\/lv\/produkti\/nora-kumode\/","title":{"rendered":"Nora kumode"},"content":{"rendered":"","protected":false},"excerpt":{"rendered":"<p>Gu\u013camistabas kolekcijas &#8220;Sofija&#8221; kumodes izce\u013cas ar savu vieglo l\u012bniju smalkumu un minim\u0101l\u0101 stila met\u0101la k\u0101j\u0101m.<\/p>\n<div id=\"gtx-trans\" style=\"position: absolute; left: 105px; top: 14.6667px;\">\n<div class=\"gtx-trans-icon\"><\/div>\n<\/div>\n","protected":false},"featured_media":15486,"template":"","meta":{"_acf_changed":false,"iawp_total_views":2},"product_brand":[],"product_cat":[506],"product_tag":[],"class_list":{"0":"post-15474","1":"product","2":"type-product","3":"status-publish","4":"has-post-thumbnail","6":"product_cat-uncategorized-lv","8":"first","9":"instock","10":"shipping-taxable","11":"product-type-simple"},"acf":[],"_links":{"self":[{"href":"https:\/\/heavens-furniture.com\/lv\/wp-json\/wp\/v2\/product\/15474\/"}],"collection":[{"href":"https:\/\/heavens-furniture.com\/lv\/wp-json\/wp\/v2\/product\/"}],"about":[{"href":"https:\/\/heavens-furniture.com\/lv\/wp-json\/wp\/v2\/types\/product\/"}],"wp:featuredmedia":[{"embeddable":true,"href":"https:\/\/heavens-furniture.com\/lv\/wp-json\/wp\/v2\/media\/15486\/"}],"wp:attachment":[{"href":"https:\/\/heavens-furniture.com\/lv\/wp-json\/wp\/v2\/media\/?parent=15474"}],"wp:term":[{"taxonomy":"product_brand","embeddable":true,"href":"https:\/\/heavens-furniture.com\/lv\/wp-json\/wp\/v2\/product_brand\/?post=15474"},{"taxonomy":"product_cat","embeddable":true,"href":"https:\/\/heavens-furniture.com\/lv\/wp-json\/wp\/v2\/product_cat\/?post=15474"},{"taxonomy":"product_tag","embeddable":true,"href":"https:\/\/heavens-furniture.com\/lv\/wp-json\/wp\/v2\/product_tag\/?post=15474"}],"curies":[{"name":"wp","href":"https:\/\/api.w.org\/{rel}","templated":true}]}}