{"id":914,"date":"2019-08-15T08:16:18","date_gmt":"2019-08-15T08:16:18","guid":{"rendered":"https:\/\/heavens-furniture.com\/produkti\/andrea-naktsskapitis\/"},"modified":"2023-11-29T13:26:19","modified_gmt":"2023-11-29T13:26:19","slug":"andrea-naktsskapitis","status":"publish","type":"product","link":"https:\/\/heavens-furniture.com\/lv\/produkti\/andrea-naktsskapitis\/","title":{"rendered":"Andrea naktsskap\u012btis"},"content":{"rendered":"<p>&nbsp;<\/p>\n<p>&nbsp;<\/p>\n<p><img decoding=\"async\" style=\"float: left\" src=\"\/upload\/Kolekcijas\/Andrea\/andrea_n_sk.png\" alt=\"\" \/><\/p>\n","protected":false},"excerpt":{"rendered":"<p>Liekts finier\u0113jums, kas organiski paildin\u0101ts ar mas\u012bvkoka elementiem.<\/p>\n","protected":false},"featured_media":15182,"template":"","meta":{"_acf_changed":false,"iawp_total_views":3},"product_brand":[],"product_cat":[26,38,23],"product_tag":[],"class_list":{"0":"post-914","1":"product","2":"type-product","3":"status-publish","4":"has-post-thumbnail","6":"product_cat-kolekcijas","7":"product_cat-andrea","8":"product_cat-naktsskapisi","10":"first","11":"instock","12":"shipping-taxable","13":"product-type-simple"},"acf":[],"_links":{"self":[{"href":"https:\/\/heavens-furniture.com\/lv\/wp-json\/wp\/v2\/product\/914\/"}],"collection":[{"href":"https:\/\/heavens-furniture.com\/lv\/wp-json\/wp\/v2\/product\/"}],"about":[{"href":"https:\/\/heavens-furniture.com\/lv\/wp-json\/wp\/v2\/types\/product\/"}],"wp:featuredmedia":[{"embeddable":true,"href":"https:\/\/heavens-furniture.com\/lv\/wp-json\/wp\/v2\/media\/15182\/"}],"wp:attachment":[{"href":"https:\/\/heavens-furniture.com\/lv\/wp-json\/wp\/v2\/media\/?parent=914"}],"wp:term":[{"taxonomy":"product_brand","embeddable":true,"href":"https:\/\/heavens-furniture.com\/lv\/wp-json\/wp\/v2\/product_brand\/?post=914"},{"taxonomy":"product_cat","embeddable":true,"href":"https:\/\/heavens-furniture.com\/lv\/wp-json\/wp\/v2\/product_cat\/?post=914"},{"taxonomy":"product_tag","embeddable":true,"href":"https:\/\/heavens-furniture.com\/lv\/wp-json\/wp\/v2\/product_tag\/?post=914"}],"curies":[{"name":"wp","href":"https:\/\/api.w.org\/{rel}","templated":true}]}}