{"id":918,"date":"2019-08-15T08:16:18","date_gmt":"2019-08-15T08:16:18","guid":{"rendered":"https:\/\/heavens-furniture.com\/produkti\/angela-continental-gulta\/"},"modified":"2023-11-29T13:24:49","modified_gmt":"2023-11-29T13:24:49","slug":"angela-continental-gulta","status":"publish","type":"product","link":"https:\/\/heavens-furniture.com\/lv\/produkti\/angela-continental-gulta\/","title":{"rendered":"Angela Continental"},"content":{"rendered":"","protected":false},"excerpt":{"rendered":"<p>Dabisk\u0101 vilnas auduma gulta gu\u013camistab\u0101 ienes\u012bs tik svar\u012bgo m\u0101j\u012bguma un siltuma saj\u016btu.<\/p>\n","protected":false},"featured_media":15095,"template":"","meta":{"_acf_changed":false,"iawp_total_views":0},"product_brand":[],"product_cat":[771,20,229,26,44],"product_tag":[726,724],"class_list":{"0":"post-918","1":"product","2":"type-product","3":"status-publish","4":"has-post-thumbnail","6":"product_cat-continental-gultas","7":"product_cat-gultas","8":"product_cat-auduma-gultas","9":"product_cat-kolekcijas","10":"product_cat-angela","11":"product_tag-audums","12":"product_tag-velas-kaste","14":"first","15":"instock","16":"shipping-taxable","17":"product-type-simple"},"acf":[],"_links":{"self":[{"href":"https:\/\/heavens-furniture.com\/lv\/wp-json\/wp\/v2\/product\/918\/"}],"collection":[{"href":"https:\/\/heavens-furniture.com\/lv\/wp-json\/wp\/v2\/product\/"}],"about":[{"href":"https:\/\/heavens-furniture.com\/lv\/wp-json\/wp\/v2\/types\/product\/"}],"wp:featuredmedia":[{"embeddable":true,"href":"https:\/\/heavens-furniture.com\/lv\/wp-json\/wp\/v2\/media\/15095\/"}],"wp:attachment":[{"href":"https:\/\/heavens-furniture.com\/lv\/wp-json\/wp\/v2\/media\/?parent=918"}],"wp:term":[{"taxonomy":"product_brand","embeddable":true,"href":"https:\/\/heavens-furniture.com\/lv\/wp-json\/wp\/v2\/product_brand\/?post=918"},{"taxonomy":"product_cat","embeddable":true,"href":"https:\/\/heavens-furniture.com\/lv\/wp-json\/wp\/v2\/product_cat\/?post=918"},{"taxonomy":"product_tag","embeddable":true,"href":"https:\/\/heavens-furniture.com\/lv\/wp-json\/wp\/v2\/product_tag\/?post=918"}],"curies":[{"name":"wp","href":"https:\/\/api.w.org\/{rel}","templated":true}]}}