{"id":919,"date":"2019-08-15T08:16:19","date_gmt":"2019-08-15T08:16:19","guid":{"rendered":"https:\/\/heavens-furniture.com\/produkti\/laura-gulta\/"},"modified":"2023-11-29T13:26:40","modified_gmt":"2023-11-29T13:26:40","slug":"laura-gulta","status":"publish","type":"product","link":"https:\/\/heavens-furniture.com\/lv\/produkti\/laura-gulta\/","title":{"rendered":"Laura gulta"},"content":{"rendered":"<p>&nbsp;<\/p>\n<p>&nbsp;<\/p>\n<p>&nbsp;<\/p>\n<p>&nbsp;<\/p>\n<p><img decoding=\"async\" src=\"\/upload\/Kolekcijas\/Aura\/laura.png\" alt=\"\" \/><\/p>\n","protected":false},"excerpt":{"rendered":"<p><span style=\"line-height: 20.8px;\">Koka gulta Laura eleganti izce\u013c dab\u012bgo materi\u0101lu unikalit\u0101ti, kombin\u0113jot to ar klasisk\u0101m un ilgtsp\u0113j\u012bg\u0101m dizaina l\u012bnij\u0101m.<\/span><\/p>\n","protected":false},"featured_media":15098,"template":"","meta":{"_acf_changed":false,"iawp_total_views":59},"product_brand":[],"product_cat":[20,228,26,42],"product_tag":[725,724],"class_list":{"0":"post-919","1":"product","2":"type-product","3":"status-publish","4":"has-post-thumbnail","6":"product_cat-gultas","7":"product_cat-koka-gultas","8":"product_cat-kolekcijas","9":"product_cat-aura","10":"product_tag-koks","11":"product_tag-velas-kaste","13":"first","14":"instock","15":"shipping-taxable","16":"product-type-simple"},"acf":[],"_links":{"self":[{"href":"https:\/\/heavens-furniture.com\/lv\/wp-json\/wp\/v2\/product\/919\/"}],"collection":[{"href":"https:\/\/heavens-furniture.com\/lv\/wp-json\/wp\/v2\/product\/"}],"about":[{"href":"https:\/\/heavens-furniture.com\/lv\/wp-json\/wp\/v2\/types\/product\/"}],"wp:featuredmedia":[{"embeddable":true,"href":"https:\/\/heavens-furniture.com\/lv\/wp-json\/wp\/v2\/media\/15098\/"}],"wp:attachment":[{"href":"https:\/\/heavens-furniture.com\/lv\/wp-json\/wp\/v2\/media\/?parent=919"}],"wp:term":[{"taxonomy":"product_brand","embeddable":true,"href":"https:\/\/heavens-furniture.com\/lv\/wp-json\/wp\/v2\/product_brand\/?post=919"},{"taxonomy":"product_cat","embeddable":true,"href":"https:\/\/heavens-furniture.com\/lv\/wp-json\/wp\/v2\/product_cat\/?post=919"},{"taxonomy":"product_tag","embeddable":true,"href":"https:\/\/heavens-furniture.com\/lv\/wp-json\/wp\/v2\/product_tag\/?post=919"}],"curies":[{"name":"wp","href":"https:\/\/api.w.org\/{rel}","templated":true}]}}