{"id":921,"date":"2019-08-15T08:16:19","date_gmt":"2019-08-15T08:16:19","guid":{"rendered":"https:\/\/heavens-furniture.com\/produkti\/andrea-spogulis-gridas\/"},"modified":"2023-11-29T13:26:29","modified_gmt":"2023-11-29T13:26:29","slug":"andrea-spogulis-gridas","status":"publish","type":"product","link":"https:\/\/heavens-furniture.com\/lv\/produkti\/andrea-spogulis-gridas\/","title":{"rendered":"Andrea spogulis"},"content":{"rendered":"<p>&nbsp;<\/p>\n<p>&nbsp;<\/p>\n<p><img decoding=\"async\" style=\"float: left;\" src=\"\/upload\/Kolekcijas\/Andrea\/andrea_spogulis_2.png\" alt=\"\" \/><\/p>\n","protected":false},"excerpt":{"rendered":"<p>&#8220;Andrea&#8221; br\u012bvi st\u0101vo\u0161ais gr\u012bdas spogulis akcent\u0113s telpu, izce\u013coties ar dab\u012bg\u0101 koka fakt\u016bru.<\/p>\n<div id=\"gtx-trans\" style=\"position: absolute; left: -6px; top: -9.33333px;\">\n<div class=\"gtx-trans-icon\"><\/div>\n<\/div>\n","protected":false},"featured_media":15506,"template":"","meta":{"_acf_changed":false,"iawp_total_views":3},"product_brand":[],"product_cat":[26,38,78],"product_tag":[],"class_list":{"0":"post-921","1":"product","2":"type-product","3":"status-publish","4":"has-post-thumbnail","6":"product_cat-kolekcijas","7":"product_cat-andrea","8":"product_cat-spoguli","10":"first","11":"instock","12":"shipping-taxable","13":"product-type-simple"},"acf":[],"_links":{"self":[{"href":"https:\/\/heavens-furniture.com\/lv\/wp-json\/wp\/v2\/product\/921\/"}],"collection":[{"href":"https:\/\/heavens-furniture.com\/lv\/wp-json\/wp\/v2\/product\/"}],"about":[{"href":"https:\/\/heavens-furniture.com\/lv\/wp-json\/wp\/v2\/types\/product\/"}],"wp:featuredmedia":[{"embeddable":true,"href":"https:\/\/heavens-furniture.com\/lv\/wp-json\/wp\/v2\/media\/15506\/"}],"wp:attachment":[{"href":"https:\/\/heavens-furniture.com\/lv\/wp-json\/wp\/v2\/media\/?parent=921"}],"wp:term":[{"taxonomy":"product_brand","embeddable":true,"href":"https:\/\/heavens-furniture.com\/lv\/wp-json\/wp\/v2\/product_brand\/?post=921"},{"taxonomy":"product_cat","embeddable":true,"href":"https:\/\/heavens-furniture.com\/lv\/wp-json\/wp\/v2\/product_cat\/?post=921"},{"taxonomy":"product_tag","embeddable":true,"href":"https:\/\/heavens-furniture.com\/lv\/wp-json\/wp\/v2\/product_tag\/?post=921"}],"curies":[{"name":"wp","href":"https:\/\/api.w.org\/{rel}","templated":true}]}}