{"id":923,"date":"2019-08-15T08:16:20","date_gmt":"2019-08-15T08:16:20","guid":{"rendered":"https:\/\/heavens-furniture.com\/produkti\/delta-gulta\/"},"modified":"2023-11-29T13:27:00","modified_gmt":"2023-11-29T13:27:00","slug":"delta-gulta","status":"publish","type":"product","link":"https:\/\/heavens-furniture.com\/lv\/produkti\/delta-gulta\/","title":{"rendered":"Delta gulta"},"content":{"rendered":"<p>&nbsp;<\/p>\n<p>&nbsp;<\/p>\n<p>&nbsp;<\/p>\n<p><img decoding=\"async\" style=\"width: 650px; height: 184px;\" src=\"\/upload\/Kolekcijas\/Delta\/delta_gulta_labota.png\" alt=\"\" \/><\/p>\n<p>&nbsp;<\/p>\n","protected":false},"excerpt":{"rendered":"<p>Ar audumu apvilkta gulta ar \u0113rtu galvgali, kas lieliski sniegs atbalstu mugurai visiem, kuri m\u012bl vakaros vai mier\u012bgajos br\u012bvdienu r\u012btos palas\u012bt savu iem\u012b\u013cot\u0101ko gr\u0101matu.<\/p>\n","protected":false},"featured_media":15062,"template":"","meta":{"_acf_changed":false,"iawp_total_views":14},"product_brand":[],"product_cat":[20,229,26,45],"product_tag":[726,724],"class_list":{"0":"post-923","1":"product","2":"type-product","3":"status-publish","4":"has-post-thumbnail","6":"product_cat-gultas","7":"product_cat-auduma-gultas","8":"product_cat-kolekcijas","9":"product_cat-delta","10":"product_tag-audums","11":"product_tag-velas-kaste","13":"first","14":"instock","15":"shipping-taxable","16":"product-type-simple"},"acf":[],"_links":{"self":[{"href":"https:\/\/heavens-furniture.com\/lv\/wp-json\/wp\/v2\/product\/923\/"}],"collection":[{"href":"https:\/\/heavens-furniture.com\/lv\/wp-json\/wp\/v2\/product\/"}],"about":[{"href":"https:\/\/heavens-furniture.com\/lv\/wp-json\/wp\/v2\/types\/product\/"}],"wp:featuredmedia":[{"embeddable":true,"href":"https:\/\/heavens-furniture.com\/lv\/wp-json\/wp\/v2\/media\/15062\/"}],"wp:attachment":[{"href":"https:\/\/heavens-furniture.com\/lv\/wp-json\/wp\/v2\/media\/?parent=923"}],"wp:term":[{"taxonomy":"product_brand","embeddable":true,"href":"https:\/\/heavens-furniture.com\/lv\/wp-json\/wp\/v2\/product_brand\/?post=923"},{"taxonomy":"product_cat","embeddable":true,"href":"https:\/\/heavens-furniture.com\/lv\/wp-json\/wp\/v2\/product_cat\/?post=923"},{"taxonomy":"product_tag","embeddable":true,"href":"https:\/\/heavens-furniture.com\/lv\/wp-json\/wp\/v2\/product_tag\/?post=923"}],"curies":[{"name":"wp","href":"https:\/\/api.w.org\/{rel}","templated":true}]}}