{"id":925,"date":"2019-08-15T08:16:20","date_gmt":"2019-08-15T08:16:20","guid":{"rendered":"https:\/\/heavens-furniture.com\/produkti\/eden-gulta\/"},"modified":"2023-11-29T13:28:07","modified_gmt":"2023-11-29T13:28:07","slug":"eden-gulta","status":"publish","type":"product","link":"https:\/\/heavens-furniture.com\/lv\/produkti\/eden-gulta\/","title":{"rendered":"Eden gulta"},"content":{"rendered":"<p>&nbsp;<\/p>\n<p>&nbsp;<\/p>\n<p><img decoding=\"async\" style=\"float: left;\" src=\"\/upload\/Kolekcijas\/Eden\/eden_gulta.png\" alt=\"\" \/><\/p>\n","protected":false},"excerpt":{"rendered":"<p>Smalkas l\u012bnijas, vieglums, dabiskums un elegance \u2013 \u0161\u012bs visas ir gu\u013camistabas m\u0113be\u013cu kolekcijas \u201cEden\u201d galven\u0101s rakstur\u012bpa\u0161\u012bbas.<\/p>\n","protected":false},"featured_media":14760,"template":"","meta":{"_acf_changed":false,"iawp_total_views":5},"product_brand":[],"product_cat":[20,229,26,31],"product_tag":[723,726],"class_list":{"0":"post-925","1":"product","2":"type-product","3":"status-publish","4":"has-post-thumbnail","6":"product_cat-gultas","7":"product_cat-auduma-gultas","8":"product_cat-kolekcijas","9":"product_cat-eden","10":"product_tag-atsperlistes","11":"product_tag-audums","13":"first","14":"instock","15":"shipping-taxable","16":"product-type-simple"},"acf":[],"_links":{"self":[{"href":"https:\/\/heavens-furniture.com\/lv\/wp-json\/wp\/v2\/product\/925\/"}],"collection":[{"href":"https:\/\/heavens-furniture.com\/lv\/wp-json\/wp\/v2\/product\/"}],"about":[{"href":"https:\/\/heavens-furniture.com\/lv\/wp-json\/wp\/v2\/types\/product\/"}],"wp:featuredmedia":[{"embeddable":true,"href":"https:\/\/heavens-furniture.com\/lv\/wp-json\/wp\/v2\/media\/14760\/"}],"wp:attachment":[{"href":"https:\/\/heavens-furniture.com\/lv\/wp-json\/wp\/v2\/media\/?parent=925"}],"wp:term":[{"taxonomy":"product_brand","embeddable":true,"href":"https:\/\/heavens-furniture.com\/lv\/wp-json\/wp\/v2\/product_brand\/?post=925"},{"taxonomy":"product_cat","embeddable":true,"href":"https:\/\/heavens-furniture.com\/lv\/wp-json\/wp\/v2\/product_cat\/?post=925"},{"taxonomy":"product_tag","embeddable":true,"href":"https:\/\/heavens-furniture.com\/lv\/wp-json\/wp\/v2\/product_tag\/?post=925"}],"curies":[{"name":"wp","href":"https:\/\/api.w.org\/{rel}","templated":true}]}}