{"id":926,"date":"2019-08-15T08:16:20","date_gmt":"2019-08-15T08:16:20","guid":{"rendered":"https:\/\/heavens-furniture.com\/produkti\/eden-naktsskapitis\/"},"modified":"2023-11-29T13:27:12","modified_gmt":"2023-11-29T13:27:12","slug":"eden-naktsskapitis","status":"publish","type":"product","link":"https:\/\/heavens-furniture.com\/lv\/produkti\/eden-naktsskapitis\/","title":{"rendered":"Eden naktsskap\u012btis"},"content":{"rendered":"<p>&nbsp;<\/p>\n<p>&nbsp;<\/p>\n<p>&nbsp;<\/p>\n<p><img decoding=\"async\" style=\"width: 215px; height: 88px; float: left;\" src=\"\/upload\/Kolekcijas\/Eden\/eden_n_sk.png\" alt=\"\" \/><\/p>\n","protected":false},"excerpt":{"rendered":"<p>Kolekcija, kur\u0101 ir veiksm\u012bgi apvienotas retro un modern\u0101 stila iez\u012bmes, pie\u0161\u0137irs raksturu un atdz\u012bvin\u0101s j\u016bsu gu\u013camistabu.<\/p>\n","protected":false},"featured_media":15194,"template":"","meta":{"_acf_changed":false,"iawp_total_views":2},"product_brand":[],"product_cat":[26,31,23],"product_tag":[],"class_list":{"0":"post-926","1":"product","2":"type-product","3":"status-publish","4":"has-post-thumbnail","6":"product_cat-kolekcijas","7":"product_cat-eden","8":"product_cat-naktsskapisi","10":"first","11":"instock","12":"shipping-taxable","13":"product-type-simple"},"acf":[],"_links":{"self":[{"href":"https:\/\/heavens-furniture.com\/lv\/wp-json\/wp\/v2\/product\/926\/"}],"collection":[{"href":"https:\/\/heavens-furniture.com\/lv\/wp-json\/wp\/v2\/product\/"}],"about":[{"href":"https:\/\/heavens-furniture.com\/lv\/wp-json\/wp\/v2\/types\/product\/"}],"wp:featuredmedia":[{"embeddable":true,"href":"https:\/\/heavens-furniture.com\/lv\/wp-json\/wp\/v2\/media\/15194\/"}],"wp:attachment":[{"href":"https:\/\/heavens-furniture.com\/lv\/wp-json\/wp\/v2\/media\/?parent=926"}],"wp:term":[{"taxonomy":"product_brand","embeddable":true,"href":"https:\/\/heavens-furniture.com\/lv\/wp-json\/wp\/v2\/product_brand\/?post=926"},{"taxonomy":"product_cat","embeddable":true,"href":"https:\/\/heavens-furniture.com\/lv\/wp-json\/wp\/v2\/product_cat\/?post=926"},{"taxonomy":"product_tag","embeddable":true,"href":"https:\/\/heavens-furniture.com\/lv\/wp-json\/wp\/v2\/product_tag\/?post=926"}],"curies":[{"name":"wp","href":"https:\/\/api.w.org\/{rel}","templated":true}]}}