{"id":929,"date":"2019-08-15T08:16:21","date_gmt":"2019-08-15T08:16:21","guid":{"rendered":"https:\/\/heavens-furniture.com\/produkti\/eden-kumode-k3\/"},"modified":"2023-11-29T13:28:33","modified_gmt":"2023-11-29T13:28:33","slug":"eden-kumode-k3","status":"publish","type":"product","link":"https:\/\/heavens-furniture.com\/lv\/produkti\/eden-kumode-k3\/","title":{"rendered":"Eden K3 kumode"},"content":{"rendered":"<p>&nbsp;<\/p>\n<p>&nbsp;<\/p>\n<p>&nbsp;<\/p>\n<p><img decoding=\"async\" style=\"width: 265px; height: 198px;\" src=\"\/upload\/Kolekcijas\/Eden\/eden_k3.png\" alt=\"\" \/><\/p>\n","protected":false},"excerpt":{"rendered":"<p>Kolekcija, kur\u0101 ir veiksm\u012bgi apvienotas retro un modern\u0101 stila iez\u012bmes, pie\u0161\u0137irs raksturu un atdz\u012bvin\u0101s j\u016bsu gu\u013camistabu.<\/p>\n","protected":false},"featured_media":15338,"template":"","meta":{"_acf_changed":false,"iawp_total_views":0},"product_brand":[],"product_cat":[26,31,24],"product_tag":[],"class_list":{"0":"post-929","1":"product","2":"type-product","3":"status-publish","4":"has-post-thumbnail","6":"product_cat-kolekcijas","7":"product_cat-eden","8":"product_cat-kumodes","10":"first","11":"instock","12":"shipping-taxable","13":"product-type-simple"},"acf":[],"_links":{"self":[{"href":"https:\/\/heavens-furniture.com\/lv\/wp-json\/wp\/v2\/product\/929\/"}],"collection":[{"href":"https:\/\/heavens-furniture.com\/lv\/wp-json\/wp\/v2\/product\/"}],"about":[{"href":"https:\/\/heavens-furniture.com\/lv\/wp-json\/wp\/v2\/types\/product\/"}],"wp:featuredmedia":[{"embeddable":true,"href":"https:\/\/heavens-furniture.com\/lv\/wp-json\/wp\/v2\/media\/15338\/"}],"wp:attachment":[{"href":"https:\/\/heavens-furniture.com\/lv\/wp-json\/wp\/v2\/media\/?parent=929"}],"wp:term":[{"taxonomy":"product_brand","embeddable":true,"href":"https:\/\/heavens-furniture.com\/lv\/wp-json\/wp\/v2\/product_brand\/?post=929"},{"taxonomy":"product_cat","embeddable":true,"href":"https:\/\/heavens-furniture.com\/lv\/wp-json\/wp\/v2\/product_cat\/?post=929"},{"taxonomy":"product_tag","embeddable":true,"href":"https:\/\/heavens-furniture.com\/lv\/wp-json\/wp\/v2\/product_tag\/?post=929"}],"curies":[{"name":"wp","href":"https:\/\/api.w.org\/{rel}","templated":true}]}}