{"id":930,"date":"2019-08-15T08:16:21","date_gmt":"2019-08-15T08:16:21","guid":{"rendered":"https:\/\/heavens-furniture.com\/produkti\/delta-continental-gulta\/"},"modified":"2023-11-29T13:28:20","modified_gmt":"2023-11-29T13:28:20","slug":"delta-continental-gulta","status":"publish","type":"product","link":"https:\/\/heavens-furniture.com\/lv\/produkti\/delta-continental-gulta\/","title":{"rendered":"Delta Continental"},"content":{"rendered":"<p>&nbsp;<\/p>\n<p>&nbsp;<\/p>\n<p><img decoding=\"async\" src=\"\/upload\/Kolekcijas\/Delta_Continental\/delta_continental.png\" alt=\"\" \/><\/p>\n","protected":false},"excerpt":{"rendered":"<p>Klasiski modern\u0101 un komfortabl\u0101 gulta Delta Continental b\u016bs piem\u0113rota ikvienam palieko\u0161u v\u0113rt\u012bbu cien\u012bt\u0101jam.<\/p>\n","protected":false},"featured_media":17431,"template":"","meta":{"_acf_changed":false,"iawp_total_views":4},"product_brand":[],"product_cat":[771,20,229,26,46],"product_tag":[726,724],"class_list":{"0":"post-930","1":"product","2":"type-product","3":"status-publish","4":"has-post-thumbnail","6":"product_cat-continental-gultas","7":"product_cat-gultas","8":"product_cat-auduma-gultas","9":"product_cat-kolekcijas","10":"product_cat-delta-continental","11":"product_tag-audums","12":"product_tag-velas-kaste","14":"first","15":"instock","16":"shipping-taxable","17":"product-type-simple"},"acf":[],"_links":{"self":[{"href":"https:\/\/heavens-furniture.com\/lv\/wp-json\/wp\/v2\/product\/930\/"}],"collection":[{"href":"https:\/\/heavens-furniture.com\/lv\/wp-json\/wp\/v2\/product\/"}],"about":[{"href":"https:\/\/heavens-furniture.com\/lv\/wp-json\/wp\/v2\/types\/product\/"}],"wp:featuredmedia":[{"embeddable":true,"href":"https:\/\/heavens-furniture.com\/lv\/wp-json\/wp\/v2\/media\/17431\/"}],"wp:attachment":[{"href":"https:\/\/heavens-furniture.com\/lv\/wp-json\/wp\/v2\/media\/?parent=930"}],"wp:term":[{"taxonomy":"product_brand","embeddable":true,"href":"https:\/\/heavens-furniture.com\/lv\/wp-json\/wp\/v2\/product_brand\/?post=930"},{"taxonomy":"product_cat","embeddable":true,"href":"https:\/\/heavens-furniture.com\/lv\/wp-json\/wp\/v2\/product_cat\/?post=930"},{"taxonomy":"product_tag","embeddable":true,"href":"https:\/\/heavens-furniture.com\/lv\/wp-json\/wp\/v2\/product_tag\/?post=930"}],"curies":[{"name":"wp","href":"https:\/\/api.w.org\/{rel}","templated":true}]}}