{"id":931,"date":"2019-08-15T08:16:21","date_gmt":"2019-08-15T08:16:21","guid":{"rendered":"https:\/\/heavens-furniture.com\/produkti\/harry-plaukts\/"},"modified":"2023-11-29T13:28:55","modified_gmt":"2023-11-29T13:28:55","slug":"harry-plaukts","status":"publish","type":"product","link":"https:\/\/heavens-furniture.com\/lv\/produkti\/harry-plaukts\/","title":{"rendered":"Harry plaukts"},"content":{"rendered":"","protected":false},"excerpt":{"rendered":"<p>Kolekcijas \u201cHarry\u201d atv\u0113rt\u0101 tipa plauktu sist\u0113ma \u2013 pateicoties plaukta funkcionalit\u0101tei un individualit\u0101tei, tas lieliski ieder\u0113sies jebkur\u0101 dz\u012bvojamaj\u0101 plat\u012bb\u0101.<\/p>\n","protected":false},"featured_media":15814,"template":"","meta":{"_acf_changed":false,"iawp_total_views":6},"product_brand":[],"product_cat":[369,26,49,79],"product_tag":[],"class_list":{"0":"post-931","1":"product","2":"type-product","3":"status-publish","4":"has-post-thumbnail","6":"product_cat-harry-ru","7":"product_cat-kolekcijas","8":"product_cat-harry","9":"product_cat-plaukti","11":"first","12":"instock","13":"shipping-taxable","14":"product-type-simple"},"acf":[],"_links":{"self":[{"href":"https:\/\/heavens-furniture.com\/lv\/wp-json\/wp\/v2\/product\/931\/"}],"collection":[{"href":"https:\/\/heavens-furniture.com\/lv\/wp-json\/wp\/v2\/product\/"}],"about":[{"href":"https:\/\/heavens-furniture.com\/lv\/wp-json\/wp\/v2\/types\/product\/"}],"wp:featuredmedia":[{"embeddable":true,"href":"https:\/\/heavens-furniture.com\/lv\/wp-json\/wp\/v2\/media\/15814\/"}],"wp:attachment":[{"href":"https:\/\/heavens-furniture.com\/lv\/wp-json\/wp\/v2\/media\/?parent=931"}],"wp:term":[{"taxonomy":"product_brand","embeddable":true,"href":"https:\/\/heavens-furniture.com\/lv\/wp-json\/wp\/v2\/product_brand\/?post=931"},{"taxonomy":"product_cat","embeddable":true,"href":"https:\/\/heavens-furniture.com\/lv\/wp-json\/wp\/v2\/product_cat\/?post=931"},{"taxonomy":"product_tag","embeddable":true,"href":"https:\/\/heavens-furniture.com\/lv\/wp-json\/wp\/v2\/product_tag\/?post=931"}],"curies":[{"name":"wp","href":"https:\/\/api.w.org\/{rel}","templated":true}]}}