{"id":934,"date":"2019-08-15T08:16:22","date_gmt":"2019-08-15T08:16:22","guid":{"rendered":"https:\/\/heavens-furniture.com\/produkti\/harry-divans\/"},"modified":"2023-11-29T13:29:39","modified_gmt":"2023-11-29T13:29:39","slug":"harry-divans","status":"publish","type":"product","link":"https:\/\/heavens-furniture.com\/lv\/produkti\/harry-divans\/","title":{"rendered":"Harry d\u012bv\u0101ns"},"content":{"rendered":"<p>&nbsp;<\/p>\n<p>&nbsp;<\/p>\n<p>&nbsp;<\/p>\n<p><img decoding=\"async\" src=\"\/upload\/Kolekcijas\/Harry\/harry_divans_web.png\" alt=\"\" \/><\/p>\n<p>&nbsp;<\/p>\n","protected":false},"excerpt":{"rendered":"<p>Harry d\u012bv\u0101na r\u016bp\u012bgi izstr\u0101d\u0101tais dizains un muguras izliekumam piel\u0101got\u0101 forma garant\u0113s, ka \u0161\u012b b\u016bs vis\u0113rt\u0101k\u0101 atp\u016btas vieta j\u016bsu m\u0101j\u0101s.<\/p>\n","protected":false},"featured_media":15632,"template":"","meta":{"_acf_changed":false,"iawp_total_views":7},"product_brand":[],"product_cat":[369,26,49,89],"product_tag":[726],"class_list":{"0":"post-934","1":"product","2":"type-product","3":"status-publish","4":"has-post-thumbnail","6":"product_cat-harry-ru","7":"product_cat-kolekcijas","8":"product_cat-harry","9":"product_cat-kresli-un-divani","10":"product_tag-audums","12":"first","13":"instock","14":"shipping-taxable","15":"product-type-simple"},"acf":[],"_links":{"self":[{"href":"https:\/\/heavens-furniture.com\/lv\/wp-json\/wp\/v2\/product\/934\/"}],"collection":[{"href":"https:\/\/heavens-furniture.com\/lv\/wp-json\/wp\/v2\/product\/"}],"about":[{"href":"https:\/\/heavens-furniture.com\/lv\/wp-json\/wp\/v2\/types\/product\/"}],"wp:featuredmedia":[{"embeddable":true,"href":"https:\/\/heavens-furniture.com\/lv\/wp-json\/wp\/v2\/media\/15632\/"}],"wp:attachment":[{"href":"https:\/\/heavens-furniture.com\/lv\/wp-json\/wp\/v2\/media\/?parent=934"}],"wp:term":[{"taxonomy":"product_brand","embeddable":true,"href":"https:\/\/heavens-furniture.com\/lv\/wp-json\/wp\/v2\/product_brand\/?post=934"},{"taxonomy":"product_cat","embeddable":true,"href":"https:\/\/heavens-furniture.com\/lv\/wp-json\/wp\/v2\/product_cat\/?post=934"},{"taxonomy":"product_tag","embeddable":true,"href":"https:\/\/heavens-furniture.com\/lv\/wp-json\/wp\/v2\/product_tag\/?post=934"}],"curies":[{"name":"wp","href":"https:\/\/api.w.org\/{rel}","templated":true}]}}