{"id":935,"date":"2019-08-15T08:16:22","date_gmt":"2019-08-15T08:16:22","guid":{"rendered":"https:\/\/heavens-furniture.com\/produkti\/lazy-gulta\/"},"modified":"2023-11-29T13:30:21","modified_gmt":"2023-11-29T13:30:21","slug":"lazy-gulta","status":"publish","type":"product","link":"https:\/\/heavens-furniture.com\/lv\/produkti\/lazy-gulta\/","title":{"rendered":"Lazy gulta"},"content":{"rendered":"<p>&nbsp;<\/p>\n<p>&nbsp;<\/p>\n<p>&nbsp;<\/p>\n<p><img decoding=\"async\" style=\"width: 629px;height: 117px\" src=\"\/upload\/Kolekcijas\/Lazy\/lazy.png\" alt=\"\" \/><\/p>\n<p>&nbsp;<\/p>\n","protected":false},"excerpt":{"rendered":"<p>Liegu l\u012bniju maigs piesk\u0101riens un dabisk\u0101 koka fakt\u016bra izce\u013c gultas dizaina st\u016brakme\u0146us.<\/p>\n","protected":false},"featured_media":16920,"template":"","meta":{"_acf_changed":false,"iawp_total_views":63},"product_brand":[],"product_cat":[20,229,34],"product_tag":[723,727],"class_list":{"0":"post-935","1":"product","2":"type-product","3":"status-publish","4":"has-post-thumbnail","6":"product_cat-gultas","7":"product_cat-auduma-gultas","8":"product_cat-lazy","9":"product_tag-atsperlistes","10":"product_tag-koks-un-audums","12":"first","13":"instock","14":"shipping-taxable","15":"product-type-simple"},"acf":[],"_links":{"self":[{"href":"https:\/\/heavens-furniture.com\/lv\/wp-json\/wp\/v2\/product\/935\/"}],"collection":[{"href":"https:\/\/heavens-furniture.com\/lv\/wp-json\/wp\/v2\/product\/"}],"about":[{"href":"https:\/\/heavens-furniture.com\/lv\/wp-json\/wp\/v2\/types\/product\/"}],"wp:featuredmedia":[{"embeddable":true,"href":"https:\/\/heavens-furniture.com\/lv\/wp-json\/wp\/v2\/media\/16920\/"}],"wp:attachment":[{"href":"https:\/\/heavens-furniture.com\/lv\/wp-json\/wp\/v2\/media\/?parent=935"}],"wp:term":[{"taxonomy":"product_brand","embeddable":true,"href":"https:\/\/heavens-furniture.com\/lv\/wp-json\/wp\/v2\/product_brand\/?post=935"},{"taxonomy":"product_cat","embeddable":true,"href":"https:\/\/heavens-furniture.com\/lv\/wp-json\/wp\/v2\/product_cat\/?post=935"},{"taxonomy":"product_tag","embeddable":true,"href":"https:\/\/heavens-furniture.com\/lv\/wp-json\/wp\/v2\/product_tag\/?post=935"}],"curies":[{"name":"wp","href":"https:\/\/api.w.org\/{rel}","templated":true}]}}