{"id":943,"date":"2019-08-15T08:16:23","date_gmt":"2019-08-15T08:16:23","guid":{"rendered":"https:\/\/heavens-furniture.com\/produkti\/mitau-plaukts\/"},"modified":"2023-11-29T13:31:19","modified_gmt":"2023-11-29T13:31:19","slug":"mitau-plaukts","status":"publish","type":"product","link":"https:\/\/heavens-furniture.com\/lv\/produkti\/mitau-plaukts\/","title":{"rendered":"Mitau plaukts"},"content":{"rendered":"<p>&nbsp;<\/p>\n<p>&nbsp;<\/p>\n<p>&nbsp;<\/p>\n<p>&nbsp;<\/p>\n<p>&nbsp;<\/p>\n<p><img decoding=\"async\" style=\"float: left;\" src=\"\/upload\/Kolekcijas\/Twins\/mitau_plaukts_3.png\" alt=\"\" \/><\/p>\n","protected":false},"excerpt":{"rendered":"<p>Kolekcijas \u201cMitau\u201d atv\u0113rt\u0101 tipa plauktu sist\u0113ma \u2013 pateicoties plaukta funkcionalit\u0101tei un individualit\u0101tei, tas lieliski ieder\u0113sies jebkur\u0101 dz\u012bvojamaj\u0101 plat\u012bb\u0101.<\/p>\n<div id=\"gtx-trans\" style=\"position: absolute; left: 467px; top: 14.6667px;\">\n<div class=\"gtx-trans-icon\"><\/div>\n<\/div>\n","protected":false},"featured_media":15841,"template":"","meta":{"_acf_changed":false,"iawp_total_views":5},"product_brand":[],"product_cat":[26,32,79],"product_tag":[],"class_list":{"0":"post-943","1":"product","2":"type-product","3":"status-publish","4":"has-post-thumbnail","6":"product_cat-kolekcijas","7":"product_cat-mitau","8":"product_cat-plaukti","10":"first","11":"instock","12":"shipping-taxable","13":"product-type-simple"},"acf":[],"_links":{"self":[{"href":"https:\/\/heavens-furniture.com\/lv\/wp-json\/wp\/v2\/product\/943\/"}],"collection":[{"href":"https:\/\/heavens-furniture.com\/lv\/wp-json\/wp\/v2\/product\/"}],"about":[{"href":"https:\/\/heavens-furniture.com\/lv\/wp-json\/wp\/v2\/types\/product\/"}],"wp:featuredmedia":[{"embeddable":true,"href":"https:\/\/heavens-furniture.com\/lv\/wp-json\/wp\/v2\/media\/15841\/"}],"wp:attachment":[{"href":"https:\/\/heavens-furniture.com\/lv\/wp-json\/wp\/v2\/media\/?parent=943"}],"wp:term":[{"taxonomy":"product_brand","embeddable":true,"href":"https:\/\/heavens-furniture.com\/lv\/wp-json\/wp\/v2\/product_brand\/?post=943"},{"taxonomy":"product_cat","embeddable":true,"href":"https:\/\/heavens-furniture.com\/lv\/wp-json\/wp\/v2\/product_cat\/?post=943"},{"taxonomy":"product_tag","embeddable":true,"href":"https:\/\/heavens-furniture.com\/lv\/wp-json\/wp\/v2\/product_tag\/?post=943"}],"curies":[{"name":"wp","href":"https:\/\/api.w.org\/{rel}","templated":true}]}}