{"id":944,"date":"2019-08-15T08:16:23","date_gmt":"2019-08-15T08:16:23","guid":{"rendered":"https:\/\/heavens-furniture.com\/produkti\/mitau-edamgalds-apals\/"},"modified":"2023-11-29T13:30:31","modified_gmt":"2023-11-29T13:30:31","slug":"mitau-edamgalds-apals","status":"publish","type":"product","link":"https:\/\/heavens-furniture.com\/lv\/produkti\/mitau-edamgalds-apals\/","title":{"rendered":"Mitau \u0113damgalds"},"content":{"rendered":"<p>&nbsp;<\/p>\n<p>&nbsp;<\/p>\n<p>&nbsp;<\/p>\n<p>&nbsp;<\/p>\n<p><img decoding=\"async\" src=\"\/upload\/Kolekcijas\/Mitau\/mitau_apalais_galds_1200.png\" alt=\"\" \/><\/p>\n<p>&nbsp;<\/p>\n","protected":false},"excerpt":{"rendered":"<p>Mitau kolekcijas galdi ienes\u012bs elegantu viegluma saj\u016btu gan dz\u012bvojamaj\u0101 istab\u0101, gan virtuv\u0113, k\u0101 ar\u012b biroj\u0101.<\/p>\n","protected":false},"featured_media":15932,"template":"","meta":{"_acf_changed":false,"iawp_total_views":10},"product_brand":[],"product_cat":[52,26,32],"product_tag":[],"class_list":{"0":"post-944","1":"product","2":"type-product","3":"status-publish","4":"has-post-thumbnail","6":"product_cat-galdi","7":"product_cat-kolekcijas","8":"product_cat-mitau","10":"first","11":"instock","12":"shipping-taxable","13":"product-type-simple"},"acf":[],"_links":{"self":[{"href":"https:\/\/heavens-furniture.com\/lv\/wp-json\/wp\/v2\/product\/944\/"}],"collection":[{"href":"https:\/\/heavens-furniture.com\/lv\/wp-json\/wp\/v2\/product\/"}],"about":[{"href":"https:\/\/heavens-furniture.com\/lv\/wp-json\/wp\/v2\/types\/product\/"}],"wp:featuredmedia":[{"embeddable":true,"href":"https:\/\/heavens-furniture.com\/lv\/wp-json\/wp\/v2\/media\/15932\/"}],"wp:attachment":[{"href":"https:\/\/heavens-furniture.com\/lv\/wp-json\/wp\/v2\/media\/?parent=944"}],"wp:term":[{"taxonomy":"product_brand","embeddable":true,"href":"https:\/\/heavens-furniture.com\/lv\/wp-json\/wp\/v2\/product_brand\/?post=944"},{"taxonomy":"product_cat","embeddable":true,"href":"https:\/\/heavens-furniture.com\/lv\/wp-json\/wp\/v2\/product_cat\/?post=944"},{"taxonomy":"product_tag","embeddable":true,"href":"https:\/\/heavens-furniture.com\/lv\/wp-json\/wp\/v2\/product_tag\/?post=944"}],"curies":[{"name":"wp","href":"https:\/\/api.w.org\/{rel}","templated":true}]}}