{"id":947,"date":"2019-08-15T08:16:24","date_gmt":"2019-08-15T08:16:24","guid":{"rendered":"https:\/\/heavens-furniture.com\/produkti\/rebecca-continental-gulta\/"},"modified":"2023-11-29T13:32:18","modified_gmt":"2023-11-29T13:32:18","slug":"rebecca-continental-gulta","status":"publish","type":"product","link":"https:\/\/heavens-furniture.com\/lv\/produkti\/rebecca-continental-gulta\/","title":{"rendered":"Rebecca Continental"},"content":{"rendered":"<p>&nbsp;<\/p>\n<p>&nbsp;<\/p>\n<p>&nbsp;<\/p>\n<p>&nbsp;<\/p>\n<p><img decoding=\"async\" src=\"\/upload\/Kolekcijas\/Rebecca\/rebecca_continental.jpg\" alt=\"\" \/><\/p>\n","protected":false},"excerpt":{"rendered":"<p>Continental gulta, kuru var\u0113siet iet\u0113rpt p\u0113c savas gaumes \u2013 \u0161is gultas dizains ir pateic\u012bgs gan samta, gan lina apdar\u0113m un \u012bpa\u0161i izteiksm\u012bgi izskat\u012bsies no auduma ar apdruku.<\/p>\n","protected":false},"featured_media":15032,"template":"","meta":{"_acf_changed":false,"iawp_total_views":5},"product_brand":[],"product_cat":[771,20,229,26,40],"product_tag":[726,724],"class_list":{"0":"post-947","1":"product","2":"type-product","3":"status-publish","4":"has-post-thumbnail","6":"product_cat-continental-gultas","7":"product_cat-gultas","8":"product_cat-auduma-gultas","9":"product_cat-kolekcijas","10":"product_cat-rebecca-continental","11":"product_tag-audums","12":"product_tag-velas-kaste","14":"first","15":"instock","16":"shipping-taxable","17":"product-type-simple"},"acf":[],"_links":{"self":[{"href":"https:\/\/heavens-furniture.com\/lv\/wp-json\/wp\/v2\/product\/947\/"}],"collection":[{"href":"https:\/\/heavens-furniture.com\/lv\/wp-json\/wp\/v2\/product\/"}],"about":[{"href":"https:\/\/heavens-furniture.com\/lv\/wp-json\/wp\/v2\/types\/product\/"}],"wp:featuredmedia":[{"embeddable":true,"href":"https:\/\/heavens-furniture.com\/lv\/wp-json\/wp\/v2\/media\/15032\/"}],"wp:attachment":[{"href":"https:\/\/heavens-furniture.com\/lv\/wp-json\/wp\/v2\/media\/?parent=947"}],"wp:term":[{"taxonomy":"product_brand","embeddable":true,"href":"https:\/\/heavens-furniture.com\/lv\/wp-json\/wp\/v2\/product_brand\/?post=947"},{"taxonomy":"product_cat","embeddable":true,"href":"https:\/\/heavens-furniture.com\/lv\/wp-json\/wp\/v2\/product_cat\/?post=947"},{"taxonomy":"product_tag","embeddable":true,"href":"https:\/\/heavens-furniture.com\/lv\/wp-json\/wp\/v2\/product_tag\/?post=947"}],"curies":[{"name":"wp","href":"https:\/\/api.w.org\/{rel}","templated":true}]}}