{"id":948,"date":"2019-08-15T08:16:24","date_gmt":"2019-08-15T08:16:24","guid":{"rendered":"https:\/\/heavens-furniture.com\/produkti\/alex-plauktu-sistema\/"},"modified":"2023-11-29T13:32:29","modified_gmt":"2023-11-29T13:32:29","slug":"alex-plauktu-sistema","status":"publish","type":"product","link":"https:\/\/heavens-furniture.com\/lv\/produkti\/alex-plauktu-sistema\/","title":{"rendered":"Alex plauktu sist\u0113ma"},"content":{"rendered":"<p>&nbsp;<\/p>\n<p>&nbsp;<\/p>\n<p>&nbsp;<\/p>\n<p>&nbsp;<\/p>\n<p><img decoding=\"async\" style=\"float: right;\" src=\"\/upload\/Kolekcijas\/Alex\/alex_plaukti.png\" alt=\"\" \/><\/p>\n","protected":false},"excerpt":{"rendered":"<p>\u201cAlex\u201d minim\u0101listiskie un funkcion\u0101lie plaukti \u0113rtai lietu k\u0101rt\u012bbai jebkur\u0101 m\u0101jokl\u012b vai biroj\u0101.<\/p>\n","protected":false},"featured_media":15769,"template":"","meta":{"_acf_changed":false,"iawp_total_views":14},"product_brand":[],"product_cat":[26,48,79],"product_tag":[],"class_list":{"0":"post-948","1":"product","2":"type-product","3":"status-publish","4":"has-post-thumbnail","6":"product_cat-kolekcijas","7":"product_cat-alex","8":"product_cat-plaukti","10":"first","11":"instock","12":"shipping-taxable","13":"product-type-simple"},"acf":[],"_links":{"self":[{"href":"https:\/\/heavens-furniture.com\/lv\/wp-json\/wp\/v2\/product\/948\/"}],"collection":[{"href":"https:\/\/heavens-furniture.com\/lv\/wp-json\/wp\/v2\/product\/"}],"about":[{"href":"https:\/\/heavens-furniture.com\/lv\/wp-json\/wp\/v2\/types\/product\/"}],"wp:featuredmedia":[{"embeddable":true,"href":"https:\/\/heavens-furniture.com\/lv\/wp-json\/wp\/v2\/media\/15769\/"}],"wp:attachment":[{"href":"https:\/\/heavens-furniture.com\/lv\/wp-json\/wp\/v2\/media\/?parent=948"}],"wp:term":[{"taxonomy":"product_brand","embeddable":true,"href":"https:\/\/heavens-furniture.com\/lv\/wp-json\/wp\/v2\/product_brand\/?post=948"},{"taxonomy":"product_cat","embeddable":true,"href":"https:\/\/heavens-furniture.com\/lv\/wp-json\/wp\/v2\/product_cat\/?post=948"},{"taxonomy":"product_tag","embeddable":true,"href":"https:\/\/heavens-furniture.com\/lv\/wp-json\/wp\/v2\/product_tag\/?post=948"}],"curies":[{"name":"wp","href":"https:\/\/api.w.org\/{rel}","templated":true}]}}