{"id":949,"date":"2019-08-15T08:16:24","date_gmt":"2019-08-15T08:16:24","guid":{"rendered":"https:\/\/heavens-furniture.com\/produkti\/alex-rakstamgalds\/"},"modified":"2023-11-29T13:31:41","modified_gmt":"2023-11-29T13:31:41","slug":"alex-rakstamgalds","status":"publish","type":"product","link":"https:\/\/heavens-furniture.com\/lv\/produkti\/alex-rakstamgalds\/","title":{"rendered":"Alex rakst\u0101mgalds"},"content":{"rendered":"","protected":false},"excerpt":{"rendered":"<p>&#8220;Alex&#8221; kolekcijas taisn\u0101s l\u012bnijas un p\u0101rliecino\u0161\u0101 stabilit\u0101te vienoti sapl\u016bd\u012bs ar jebkura interjera stilu.<\/p>\n<div id=\"gtx-trans\" style=\"position: absolute; left: -33px; top: 61.6667px;\">\n<div class=\"gtx-trans-icon\"><\/div>\n<\/div>\n","protected":false},"featured_media":15876,"template":"","meta":{"_acf_changed":false,"iawp_total_views":4},"product_brand":[],"product_cat":[52,26,48],"product_tag":[],"class_list":{"0":"post-949","1":"product","2":"type-product","3":"status-publish","4":"has-post-thumbnail","6":"product_cat-galdi","7":"product_cat-kolekcijas","8":"product_cat-alex","10":"first","11":"instock","12":"shipping-taxable","13":"product-type-simple"},"acf":[],"_links":{"self":[{"href":"https:\/\/heavens-furniture.com\/lv\/wp-json\/wp\/v2\/product\/949\/"}],"collection":[{"href":"https:\/\/heavens-furniture.com\/lv\/wp-json\/wp\/v2\/product\/"}],"about":[{"href":"https:\/\/heavens-furniture.com\/lv\/wp-json\/wp\/v2\/types\/product\/"}],"wp:featuredmedia":[{"embeddable":true,"href":"https:\/\/heavens-furniture.com\/lv\/wp-json\/wp\/v2\/media\/15876\/"}],"wp:attachment":[{"href":"https:\/\/heavens-furniture.com\/lv\/wp-json\/wp\/v2\/media\/?parent=949"}],"wp:term":[{"taxonomy":"product_brand","embeddable":true,"href":"https:\/\/heavens-furniture.com\/lv\/wp-json\/wp\/v2\/product_brand\/?post=949"},{"taxonomy":"product_cat","embeddable":true,"href":"https:\/\/heavens-furniture.com\/lv\/wp-json\/wp\/v2\/product_cat\/?post=949"},{"taxonomy":"product_tag","embeddable":true,"href":"https:\/\/heavens-furniture.com\/lv\/wp-json\/wp\/v2\/product_tag\/?post=949"}],"curies":[{"name":"wp","href":"https:\/\/api.w.org\/{rel}","templated":true}]}}