{"id":953,"date":"2019-08-15T08:16:25","date_gmt":"2019-08-15T08:16:25","guid":{"rendered":"https:\/\/heavens-furniture.com\/produkti\/rebecca-kosmetikas-galds\/"},"modified":"2023-11-29T13:33:14","modified_gmt":"2023-11-29T13:33:14","slug":"rebecca-kosmetikas-galds","status":"publish","type":"product","link":"https:\/\/heavens-furniture.com\/lv\/produkti\/rebecca-kosmetikas-galds\/","title":{"rendered":"Rebecca kosm\u0113tikas galds"},"content":{"rendered":"<p>&nbsp;<\/p>\n<p>&nbsp;<\/p>\n<p>&nbsp;<\/p>\n<p><img decoding=\"async\" style=\"float: left;\" src=\"\/upload\/Kolekcijas\/Rebecca\/rebecca_puudergalds.png\" alt=\"\" \/><\/p>\n","protected":false},"excerpt":{"rendered":"<p>Klasiski t\u012bra dizaina kosm\u0113tikas galds ar ton\u0113t\u0101 stikla virsmu elegant\u0101kam smalk\u0101kam izskatam.<\/p>\n","protected":false},"featured_media":15539,"template":"","meta":{"_acf_changed":false,"iawp_total_views":20},"product_brand":[],"product_cat":[26,44,33,40,78],"product_tag":[],"class_list":{"0":"post-953","1":"product","2":"type-product","3":"status-publish","4":"has-post-thumbnail","6":"product_cat-kolekcijas","7":"product_cat-angela","8":"product_cat-melanie","9":"product_cat-rebecca-continental","10":"product_cat-spoguli","12":"first","13":"instock","14":"shipping-taxable","15":"product-type-simple"},"acf":[],"_links":{"self":[{"href":"https:\/\/heavens-furniture.com\/lv\/wp-json\/wp\/v2\/product\/953\/"}],"collection":[{"href":"https:\/\/heavens-furniture.com\/lv\/wp-json\/wp\/v2\/product\/"}],"about":[{"href":"https:\/\/heavens-furniture.com\/lv\/wp-json\/wp\/v2\/types\/product\/"}],"wp:featuredmedia":[{"embeddable":true,"href":"https:\/\/heavens-furniture.com\/lv\/wp-json\/wp\/v2\/media\/15539\/"}],"wp:attachment":[{"href":"https:\/\/heavens-furniture.com\/lv\/wp-json\/wp\/v2\/media\/?parent=953"}],"wp:term":[{"taxonomy":"product_brand","embeddable":true,"href":"https:\/\/heavens-furniture.com\/lv\/wp-json\/wp\/v2\/product_brand\/?post=953"},{"taxonomy":"product_cat","embeddable":true,"href":"https:\/\/heavens-furniture.com\/lv\/wp-json\/wp\/v2\/product_cat\/?post=953"},{"taxonomy":"product_tag","embeddable":true,"href":"https:\/\/heavens-furniture.com\/lv\/wp-json\/wp\/v2\/product_tag\/?post=953"}],"curies":[{"name":"wp","href":"https:\/\/api.w.org\/{rel}","templated":true}]}}