{"id":954,"date":"2019-08-15T08:16:25","date_gmt":"2019-08-15T08:16:25","guid":{"rendered":"https:\/\/heavens-furniture.com\/produkti\/rebecca-skapis\/"},"modified":"2023-11-29T13:33:26","modified_gmt":"2023-11-29T13:33:26","slug":"rebecca-skapis","status":"publish","type":"product","link":"https:\/\/heavens-furniture.com\/lv\/produkti\/rebecca-skapis\/","title":{"rendered":"Rebecca skapis"},"content":{"rendered":"<p>&nbsp;<\/p>\n<p>&nbsp;<\/p>\n<p>&nbsp;<\/p>\n<p><img decoding=\"async\" style=\"width: 679px; height: 644px;\" src=\"\/upload\/Kolekcijas\/Rebecca\/rebecca_skapis_grafiskie_2_3_d.png\" alt=\"\" \/><\/p>\n<p>&nbsp;<\/p>\n<p>&nbsp;<\/p>\n","protected":false},"excerpt":{"rendered":"<p>Klasiski t\u012bra dizaina skapis ar durvju r\u0101mjos iestr\u0101d\u0101tiem spogu\u013ciem elegant\u0101kam smalk\u0101kam izskatam.<\/p>\n<div id=\"gtx-trans\" style=\"position: absolute; left: -19px; top: -9.33333px;\">\n<div class=\"gtx-trans-icon\"><\/div>\n<\/div>\n","protected":false},"featured_media":15941,"template":"","meta":{"_acf_changed":false,"iawp_total_views":7},"product_brand":[],"product_cat":[26,44,33,40,25],"product_tag":[],"class_list":{"0":"post-954","1":"product","2":"type-product","3":"status-publish","4":"has-post-thumbnail","6":"product_cat-kolekcijas","7":"product_cat-angela","8":"product_cat-melanie","9":"product_cat-rebecca-continental","10":"product_cat-skapji","12":"first","13":"instock","14":"shipping-taxable","15":"product-type-simple"},"acf":[],"_links":{"self":[{"href":"https:\/\/heavens-furniture.com\/lv\/wp-json\/wp\/v2\/product\/954\/"}],"collection":[{"href":"https:\/\/heavens-furniture.com\/lv\/wp-json\/wp\/v2\/product\/"}],"about":[{"href":"https:\/\/heavens-furniture.com\/lv\/wp-json\/wp\/v2\/types\/product\/"}],"wp:featuredmedia":[{"embeddable":true,"href":"https:\/\/heavens-furniture.com\/lv\/wp-json\/wp\/v2\/media\/15941\/"}],"wp:attachment":[{"href":"https:\/\/heavens-furniture.com\/lv\/wp-json\/wp\/v2\/media\/?parent=954"}],"wp:term":[{"taxonomy":"product_brand","embeddable":true,"href":"https:\/\/heavens-furniture.com\/lv\/wp-json\/wp\/v2\/product_brand\/?post=954"},{"taxonomy":"product_cat","embeddable":true,"href":"https:\/\/heavens-furniture.com\/lv\/wp-json\/wp\/v2\/product_cat\/?post=954"},{"taxonomy":"product_tag","embeddable":true,"href":"https:\/\/heavens-furniture.com\/lv\/wp-json\/wp\/v2\/product_tag\/?post=954"}],"curies":[{"name":"wp","href":"https:\/\/api.w.org\/{rel}","templated":true}]}}