{"id":955,"date":"2019-08-15T08:16:25","date_gmt":"2019-08-15T08:16:25","guid":{"rendered":"https:\/\/heavens-furniture.com\/produkti\/riga-gulta\/"},"modified":"2023-11-29T13:33:37","modified_gmt":"2023-11-29T13:33:37","slug":"riga-gulta","status":"publish","type":"product","link":"https:\/\/heavens-furniture.com\/lv\/produkti\/riga-gulta\/","title":{"rendered":"R\u012bga gulta"},"content":{"rendered":"<p>&nbsp;<\/p>\n<p>&nbsp;<\/p>\n<p>&nbsp;<\/p>\n<p><img decoding=\"async\" style=\"float: left;\" src=\"\/upload\/Kolekcijas\/R\u012bga\/riga_gulta.png\" alt=\"\" \/><\/p>\n","protected":false},"excerpt":{"rendered":"<p>Formu skaidr\u012bba, klasiskas proporcijas, dizains, kur\u0161 nenoveco \u2013 t\u0101 ir gu\u013camistabas kolekcija R\u012bga.<\/p>\n","protected":false},"featured_media":15177,"template":"","meta":{"_acf_changed":false,"iawp_total_views":36},"product_brand":[],"product_cat":[20,228,26,36],"product_tag":[725,724],"class_list":{"0":"post-955","1":"product","2":"type-product","3":"status-publish","4":"has-post-thumbnail","6":"product_cat-gultas","7":"product_cat-koka-gultas","8":"product_cat-kolekcijas","9":"product_cat-riga","10":"product_tag-koks","11":"product_tag-velas-kaste","13":"first","14":"instock","15":"shipping-taxable","16":"product-type-simple"},"acf":[],"_links":{"self":[{"href":"https:\/\/heavens-furniture.com\/lv\/wp-json\/wp\/v2\/product\/955\/"}],"collection":[{"href":"https:\/\/heavens-furniture.com\/lv\/wp-json\/wp\/v2\/product\/"}],"about":[{"href":"https:\/\/heavens-furniture.com\/lv\/wp-json\/wp\/v2\/types\/product\/"}],"wp:featuredmedia":[{"embeddable":true,"href":"https:\/\/heavens-furniture.com\/lv\/wp-json\/wp\/v2\/media\/15177\/"}],"wp:attachment":[{"href":"https:\/\/heavens-furniture.com\/lv\/wp-json\/wp\/v2\/media\/?parent=955"}],"wp:term":[{"taxonomy":"product_brand","embeddable":true,"href":"https:\/\/heavens-furniture.com\/lv\/wp-json\/wp\/v2\/product_brand\/?post=955"},{"taxonomy":"product_cat","embeddable":true,"href":"https:\/\/heavens-furniture.com\/lv\/wp-json\/wp\/v2\/product_cat\/?post=955"},{"taxonomy":"product_tag","embeddable":true,"href":"https:\/\/heavens-furniture.com\/lv\/wp-json\/wp\/v2\/product_tag\/?post=955"}],"curies":[{"name":"wp","href":"https:\/\/api.w.org\/{rel}","templated":true}]}}