{"id":971,"date":"2019-08-15T08:16:27","date_gmt":"2019-08-15T08:16:27","guid":{"rendered":"https:\/\/heavens-furniture.com\/produkti\/roma-zurnalgalds\/"},"modified":"2023-11-29T13:35:17","modified_gmt":"2023-11-29T13:35:17","slug":"roma-zurnalgalds","status":"publish","type":"product","link":"https:\/\/heavens-furniture.com\/lv\/produkti\/roma-zurnalgalds\/","title":{"rendered":"Roma \u017eurn\u0101lgalds"},"content":{"rendered":"<p>&nbsp;<\/p>\n<p>&nbsp;<\/p>\n<p>&nbsp;<\/p>\n<p>&nbsp;<\/p>\n<p>&nbsp;<\/p>\n<p>&nbsp;<\/p>\n<p><img decoding=\"async\" style=\"float: left;\" src=\"\/upload\/Kolekcijas\/Roma\/roma_zurnalgalds.png\" alt=\"\" \/><\/p>\n","protected":false},"excerpt":{"rendered":"<p>Klasiska tipa \u017eurn\u0101lgalds ieder\u0113sies jebkur\u0101 interjer\u0101 ar t\u0101 lakonismu un minim\u0101lismu.<\/p>\n","protected":false},"featured_media":15914,"template":"","meta":{"_acf_changed":false,"iawp_total_views":1},"product_brand":[],"product_cat":[52,26,48,36],"product_tag":[],"class_list":{"0":"post-971","1":"product","2":"type-product","3":"status-publish","4":"has-post-thumbnail","6":"product_cat-galdi","7":"product_cat-kolekcijas","8":"product_cat-alex","9":"product_cat-riga","11":"first","12":"instock","13":"shipping-taxable","14":"product-type-simple"},"acf":[],"_links":{"self":[{"href":"https:\/\/heavens-furniture.com\/lv\/wp-json\/wp\/v2\/product\/971\/"}],"collection":[{"href":"https:\/\/heavens-furniture.com\/lv\/wp-json\/wp\/v2\/product\/"}],"about":[{"href":"https:\/\/heavens-furniture.com\/lv\/wp-json\/wp\/v2\/types\/product\/"}],"wp:featuredmedia":[{"embeddable":true,"href":"https:\/\/heavens-furniture.com\/lv\/wp-json\/wp\/v2\/media\/15914\/"}],"wp:attachment":[{"href":"https:\/\/heavens-furniture.com\/lv\/wp-json\/wp\/v2\/media\/?parent=971"}],"wp:term":[{"taxonomy":"product_brand","embeddable":true,"href":"https:\/\/heavens-furniture.com\/lv\/wp-json\/wp\/v2\/product_brand\/?post=971"},{"taxonomy":"product_cat","embeddable":true,"href":"https:\/\/heavens-furniture.com\/lv\/wp-json\/wp\/v2\/product_cat\/?post=971"},{"taxonomy":"product_tag","embeddable":true,"href":"https:\/\/heavens-furniture.com\/lv\/wp-json\/wp\/v2\/product_tag\/?post=971"}],"curies":[{"name":"wp","href":"https:\/\/api.w.org\/{rel}","templated":true}]}}