{"id":973,"date":"2019-08-15T08:16:28","date_gmt":"2019-08-15T08:16:28","guid":{"rendered":"https:\/\/heavens-furniture.com\/produkti\/sahara-naktsgaldini\/"},"modified":"2023-11-29T13:35:27","modified_gmt":"2023-11-29T13:35:27","slug":"sahara-naktsgaldini","status":"publish","type":"product","link":"https:\/\/heavens-furniture.com\/lv\/produkti\/sahara-naktsgaldini\/","title":{"rendered":"Sah\u0101ra naktsgaldi\u0146i"},"content":{"rendered":"<p>&nbsp;<\/p>\n<p>&nbsp;<\/p>\n<p>&nbsp;<\/p>\n<p>&nbsp;<\/p>\n<p>&nbsp;<\/p>\n<p><img decoding=\"async\" style=\"width: 283px; height: 226px; float: left;\" src=\"\/upload\/Kolekcijas\/Sah\u0101ra\/sahara_galdini1.png\" alt=\"\" \/><\/p>\n","protected":false},"excerpt":{"rendered":"<p>Divu da\u017e\u0101du augstumu klasiskie apa\u013cie galdi\u0146i b\u016bs moderni un stabili &#8220;sabiedrotie&#8221; j\u016bsu elegantajai gultai.<\/p>\n","protected":false},"featured_media":16254,"template":"","meta":{"_acf_changed":false,"iawp_total_views":9},"product_brand":[],"product_cat":[354,26,46,23],"product_tag":[],"class_list":{"0":"post-973","1":"product","2":"type-product","3":"status-publish","4":"has-post-thumbnail","6":"product_cat-delta-continental-ru","7":"product_cat-kolekcijas","8":"product_cat-delta-continental","9":"product_cat-naktsskapisi","11":"first","12":"instock","13":"shipping-taxable","14":"product-type-simple"},"acf":[],"_links":{"self":[{"href":"https:\/\/heavens-furniture.com\/lv\/wp-json\/wp\/v2\/product\/973\/"}],"collection":[{"href":"https:\/\/heavens-furniture.com\/lv\/wp-json\/wp\/v2\/product\/"}],"about":[{"href":"https:\/\/heavens-furniture.com\/lv\/wp-json\/wp\/v2\/types\/product\/"}],"wp:featuredmedia":[{"embeddable":true,"href":"https:\/\/heavens-furniture.com\/lv\/wp-json\/wp\/v2\/media\/16254\/"}],"wp:attachment":[{"href":"https:\/\/heavens-furniture.com\/lv\/wp-json\/wp\/v2\/media\/?parent=973"}],"wp:term":[{"taxonomy":"product_brand","embeddable":true,"href":"https:\/\/heavens-furniture.com\/lv\/wp-json\/wp\/v2\/product_brand\/?post=973"},{"taxonomy":"product_cat","embeddable":true,"href":"https:\/\/heavens-furniture.com\/lv\/wp-json\/wp\/v2\/product_cat\/?post=973"},{"taxonomy":"product_tag","embeddable":true,"href":"https:\/\/heavens-furniture.com\/lv\/wp-json\/wp\/v2\/product_tag\/?post=973"}],"curies":[{"name":"wp","href":"https:\/\/api.w.org\/{rel}","templated":true}]}}