{"id":976,"date":"2019-08-15T08:16:29","date_gmt":"2019-08-15T08:16:29","guid":{"rendered":"https:\/\/heavens-furniture.com\/produkti\/scarlett-continental-gulta\/"},"modified":"2023-11-29T13:36:31","modified_gmt":"2023-11-29T13:36:31","slug":"scarlett-continental-gulta","status":"publish","type":"product","link":"https:\/\/heavens-furniture.com\/lv\/produkti\/scarlett-continental-gulta\/","title":{"rendered":"Scarlett Continental"},"content":{"rendered":"<p>&nbsp;<\/p>\n<p>&nbsp;<\/p>\n<p>&nbsp;<\/p>\n<p><img decoding=\"async\" src=\"\/upload\/Kolekcijas\/Scarlett\/scarlett_gulta.png\" alt=\"\" \/><\/p>\n","protected":false},"excerpt":{"rendered":"<p>Elegant\u0101 un skandin\u0101visk\u0101 Continental Scarlett gulta ar lina auduma apdari sniegs gan komfortu, gan pie\u0161\u0137irs gu\u013camistabai izsmalcin\u0101ta dizaina t\u0113lu.<\/p>\n","protected":false},"featured_media":17079,"template":"","meta":{"_acf_changed":false,"iawp_total_views":15},"product_brand":[],"product_cat":[771,20,229,26,35],"product_tag":[726,724],"class_list":{"0":"post-976","1":"product","2":"type-product","3":"status-publish","4":"has-post-thumbnail","6":"product_cat-continental-gultas","7":"product_cat-gultas","8":"product_cat-auduma-gultas","9":"product_cat-kolekcijas","10":"product_cat-scarlett","11":"product_tag-audums","12":"product_tag-velas-kaste","14":"first","15":"instock","16":"shipping-taxable","17":"product-type-simple"},"acf":[],"_links":{"self":[{"href":"https:\/\/heavens-furniture.com\/lv\/wp-json\/wp\/v2\/product\/976\/"}],"collection":[{"href":"https:\/\/heavens-furniture.com\/lv\/wp-json\/wp\/v2\/product\/"}],"about":[{"href":"https:\/\/heavens-furniture.com\/lv\/wp-json\/wp\/v2\/types\/product\/"}],"wp:featuredmedia":[{"embeddable":true,"href":"https:\/\/heavens-furniture.com\/lv\/wp-json\/wp\/v2\/media\/17079\/"}],"wp:attachment":[{"href":"https:\/\/heavens-furniture.com\/lv\/wp-json\/wp\/v2\/media\/?parent=976"}],"wp:term":[{"taxonomy":"product_brand","embeddable":true,"href":"https:\/\/heavens-furniture.com\/lv\/wp-json\/wp\/v2\/product_brand\/?post=976"},{"taxonomy":"product_cat","embeddable":true,"href":"https:\/\/heavens-furniture.com\/lv\/wp-json\/wp\/v2\/product_cat\/?post=976"},{"taxonomy":"product_tag","embeddable":true,"href":"https:\/\/heavens-furniture.com\/lv\/wp-json\/wp\/v2\/product_tag\/?post=976"}],"curies":[{"name":"wp","href":"https:\/\/api.w.org\/{rel}","templated":true}]}}