{"id":979,"date":"2019-08-15T08:16:29","date_gmt":"2019-08-15T08:16:29","guid":{"rendered":"https:\/\/heavens-furniture.com\/produkti\/scarlett-kumode-k2\/"},"modified":"2023-11-29T13:35:58","modified_gmt":"2023-11-29T13:35:58","slug":"scarlett-kumode-k2","status":"publish","type":"product","link":"https:\/\/heavens-furniture.com\/lv\/produkti\/scarlett-kumode-k2\/","title":{"rendered":"Scarlett K2 kumode"},"content":{"rendered":"<p>&nbsp;<\/p>\n<p>&nbsp;<\/p>\n<p>&nbsp;<\/p>\n<p>&nbsp;<\/p>\n<p><img decoding=\"async\" style=\"width: 394px; height: 138px; float: left;\" src=\"\/upload\/Kolekcijas\/Scarlett\/scarlett_k2.png\" alt=\"\" \/><\/p>\n","protected":false},"excerpt":{"rendered":"<p>Moderna, lakoniska un ietilp\u012bga kumode piem\u0113rota tiem, kas, pateicoties ietilp\u012bgaj\u0101m atvilktn\u0113m, ir lieliski piem\u0113rota visiem, kuri m\u012bl sak\u0101rtotu vidi.<\/p>\n","protected":false},"featured_media":15455,"template":"","meta":{"_acf_changed":false,"iawp_total_views":2},"product_brand":[],"product_cat":[26,35,24],"product_tag":[],"class_list":{"0":"post-979","1":"product","2":"type-product","3":"status-publish","4":"has-post-thumbnail","6":"product_cat-kolekcijas","7":"product_cat-scarlett","8":"product_cat-kumodes","10":"first","11":"instock","12":"shipping-taxable","13":"product-type-simple"},"acf":[],"_links":{"self":[{"href":"https:\/\/heavens-furniture.com\/lv\/wp-json\/wp\/v2\/product\/979\/"}],"collection":[{"href":"https:\/\/heavens-furniture.com\/lv\/wp-json\/wp\/v2\/product\/"}],"about":[{"href":"https:\/\/heavens-furniture.com\/lv\/wp-json\/wp\/v2\/types\/product\/"}],"wp:featuredmedia":[{"embeddable":true,"href":"https:\/\/heavens-furniture.com\/lv\/wp-json\/wp\/v2\/media\/15455\/"}],"wp:attachment":[{"href":"https:\/\/heavens-furniture.com\/lv\/wp-json\/wp\/v2\/media\/?parent=979"}],"wp:term":[{"taxonomy":"product_brand","embeddable":true,"href":"https:\/\/heavens-furniture.com\/lv\/wp-json\/wp\/v2\/product_brand\/?post=979"},{"taxonomy":"product_cat","embeddable":true,"href":"https:\/\/heavens-furniture.com\/lv\/wp-json\/wp\/v2\/product_cat\/?post=979"},{"taxonomy":"product_tag","embeddable":true,"href":"https:\/\/heavens-furniture.com\/lv\/wp-json\/wp\/v2\/product_tag\/?post=979"}],"curies":[{"name":"wp","href":"https:\/\/api.w.org\/{rel}","templated":true}]}}