{"id":981,"date":"2019-08-15T08:16:29","date_gmt":"2019-08-15T08:16:29","guid":{"rendered":"https:\/\/heavens-furniture.com\/produkti\/scarlett-skapis\/"},"modified":"2024-12-12T08:38:59","modified_gmt":"2024-12-12T08:38:59","slug":"scarlett-skapis","status":"publish","type":"product","link":"https:\/\/heavens-furniture.com\/lv\/produkti\/scarlett-skapis\/","title":{"rendered":"Scarlett skapis"},"content":{"rendered":"<p>&nbsp;<\/p>\n<p>&nbsp;<\/p>\n<p>&nbsp;<\/p>\n<p><img decoding=\"async\" src=\"\/images\/products\/skapji\/scarlett-skapis\/skapis_scarlett.png\" alt=\"\" \/><\/p>\n","protected":false},"excerpt":{"rendered":"<p>Moderns, lakonisks un ietilp\u012bgs skapis lieliski piem\u0113rots tiem, kuri m\u012bl k\u0101rt\u012bbu.<\/p>\n<div id=\"gtx-trans\" style=\"position: absolute; left: 447px; top: -9.33333px;\">\n<div class=\"gtx-trans-icon\"><\/div>\n<\/div>\n","protected":false},"featured_media":15953,"template":"","meta":{"_acf_changed":false,"iawp_total_views":2},"product_brand":[],"product_cat":[26,35,25],"product_tag":[],"class_list":{"0":"post-981","1":"product","2":"type-product","3":"status-publish","4":"has-post-thumbnail","6":"product_cat-kolekcijas","7":"product_cat-scarlett","8":"product_cat-skapji","10":"first","11":"instock","12":"shipping-taxable","13":"product-type-simple"},"acf":[],"_links":{"self":[{"href":"https:\/\/heavens-furniture.com\/lv\/wp-json\/wp\/v2\/product\/981\/"}],"collection":[{"href":"https:\/\/heavens-furniture.com\/lv\/wp-json\/wp\/v2\/product\/"}],"about":[{"href":"https:\/\/heavens-furniture.com\/lv\/wp-json\/wp\/v2\/types\/product\/"}],"wp:featuredmedia":[{"embeddable":true,"href":"https:\/\/heavens-furniture.com\/lv\/wp-json\/wp\/v2\/media\/15953\/"}],"wp:attachment":[{"href":"https:\/\/heavens-furniture.com\/lv\/wp-json\/wp\/v2\/media\/?parent=981"}],"wp:term":[{"taxonomy":"product_brand","embeddable":true,"href":"https:\/\/heavens-furniture.com\/lv\/wp-json\/wp\/v2\/product_brand\/?post=981"},{"taxonomy":"product_cat","embeddable":true,"href":"https:\/\/heavens-furniture.com\/lv\/wp-json\/wp\/v2\/product_cat\/?post=981"},{"taxonomy":"product_tag","embeddable":true,"href":"https:\/\/heavens-furniture.com\/lv\/wp-json\/wp\/v2\/product_tag\/?post=981"}],"curies":[{"name":"wp","href":"https:\/\/api.w.org\/{rel}","templated":true}]}}