{"id":982,"date":"2019-08-15T08:16:30","date_gmt":"2019-08-15T08:16:30","guid":{"rendered":"https:\/\/heavens-furniture.com\/produkti\/sandra-naktsskapitis-3-atvilktnes\/"},"modified":"2023-11-29T13:38:18","modified_gmt":"2023-11-29T13:38:18","slug":"sandra-naktsskapitis-3-atvilktnes","status":"publish","type":"product","link":"https:\/\/heavens-furniture.com\/lv\/produkti\/sandra-naktsskapitis-3-atvilktnes\/","title":{"rendered":"Sandra naktsskap\u012btis"},"content":{"rendered":"<p dir=\"ltr\"><img decoding=\"async\" style=\"width: 524px;height: 129px\" src=\"\/upload\/Kolekcijas\/Sandra\/sandra_naktsskapji.png\" alt=\"\" \/><\/p>\n","protected":false},"excerpt":{"rendered":"<p>Svaiga koka smar\u017ea, m\u0101j\u012bga noska\u0146a \u2013 \u012bsta izv\u0113le tiem, kuri ciena palieko\u0161as v\u0113rt\u012bbas.<\/p>\n","protected":false},"featured_media":16819,"template":"","meta":{"_acf_changed":false,"iawp_total_views":7},"product_brand":[],"product_cat":[26,43,23],"product_tag":[],"class_list":{"0":"post-982","1":"product","2":"type-product","3":"status-publish","4":"has-post-thumbnail","6":"product_cat-kolekcijas","7":"product_cat-sandra","8":"product_cat-naktsskapisi","10":"first","11":"instock","12":"shipping-taxable","13":"product-type-simple"},"acf":[],"_links":{"self":[{"href":"https:\/\/heavens-furniture.com\/lv\/wp-json\/wp\/v2\/product\/982\/"}],"collection":[{"href":"https:\/\/heavens-furniture.com\/lv\/wp-json\/wp\/v2\/product\/"}],"about":[{"href":"https:\/\/heavens-furniture.com\/lv\/wp-json\/wp\/v2\/types\/product\/"}],"wp:featuredmedia":[{"embeddable":true,"href":"https:\/\/heavens-furniture.com\/lv\/wp-json\/wp\/v2\/media\/16819\/"}],"wp:attachment":[{"href":"https:\/\/heavens-furniture.com\/lv\/wp-json\/wp\/v2\/media\/?parent=982"}],"wp:term":[{"taxonomy":"product_brand","embeddable":true,"href":"https:\/\/heavens-furniture.com\/lv\/wp-json\/wp\/v2\/product_brand\/?post=982"},{"taxonomy":"product_cat","embeddable":true,"href":"https:\/\/heavens-furniture.com\/lv\/wp-json\/wp\/v2\/product_cat\/?post=982"},{"taxonomy":"product_tag","embeddable":true,"href":"https:\/\/heavens-furniture.com\/lv\/wp-json\/wp\/v2\/product_tag\/?post=982"}],"curies":[{"name":"wp","href":"https:\/\/api.w.org\/{rel}","templated":true}]}}