{"id":983,"date":"2019-08-15T08:16:30","date_gmt":"2019-08-15T08:16:30","guid":{"rendered":"https:\/\/heavens-furniture.com\/produkti\/sandra-kumode-k1\/"},"modified":"2023-11-29T13:38:08","modified_gmt":"2023-11-29T13:38:08","slug":"sandra-kumode-k1","status":"publish","type":"product","link":"https:\/\/heavens-furniture.com\/lv\/produkti\/sandra-kumode-k1\/","title":{"rendered":"Sandra K1 kumode"},"content":{"rendered":"<p dir=\"ltr\"><img decoding=\"async\" style=\"float: left;height: 168px;width: 297px\" src=\"\/upload\/Kolekcijas\/Sandra\/sandra_kumode.jpg\" alt=\"\" \/><\/p>\n","protected":false},"excerpt":{"rendered":"<p>Svaiga koka smar\u017ea, m\u0101j\u012bga noska\u0146a &#8211; \u012bsta izv\u0113le tiem, kuri ciena palieko\u0161as v\u0113rt\u012bbas.<\/p>\n<div id=\"gtx-trans\">\n<div class=\"gtx-trans-icon\"><\/div>\n<\/div>\n","protected":false},"featured_media":16798,"template":"","meta":{"_acf_changed":false,"iawp_total_views":11},"product_brand":[],"product_cat":[26,43,24],"product_tag":[],"class_list":{"0":"post-983","1":"product","2":"type-product","3":"status-publish","4":"has-post-thumbnail","6":"product_cat-kolekcijas","7":"product_cat-sandra","8":"product_cat-kumodes","10":"first","11":"instock","12":"shipping-taxable","13":"product-type-simple"},"acf":[],"_links":{"self":[{"href":"https:\/\/heavens-furniture.com\/lv\/wp-json\/wp\/v2\/product\/983\/"}],"collection":[{"href":"https:\/\/heavens-furniture.com\/lv\/wp-json\/wp\/v2\/product\/"}],"about":[{"href":"https:\/\/heavens-furniture.com\/lv\/wp-json\/wp\/v2\/types\/product\/"}],"wp:featuredmedia":[{"embeddable":true,"href":"https:\/\/heavens-furniture.com\/lv\/wp-json\/wp\/v2\/media\/16798\/"}],"wp:attachment":[{"href":"https:\/\/heavens-furniture.com\/lv\/wp-json\/wp\/v2\/media\/?parent=983"}],"wp:term":[{"taxonomy":"product_brand","embeddable":true,"href":"https:\/\/heavens-furniture.com\/lv\/wp-json\/wp\/v2\/product_brand\/?post=983"},{"taxonomy":"product_cat","embeddable":true,"href":"https:\/\/heavens-furniture.com\/lv\/wp-json\/wp\/v2\/product_cat\/?post=983"},{"taxonomy":"product_tag","embeddable":true,"href":"https:\/\/heavens-furniture.com\/lv\/wp-json\/wp\/v2\/product_tag\/?post=983"}],"curies":[{"name":"wp","href":"https:\/\/api.w.org\/{rel}","templated":true}]}}