{"id":985,"date":"2019-08-15T08:16:30","date_gmt":"2019-08-15T08:16:30","guid":{"rendered":"https:\/\/heavens-furniture.com\/produkti\/sandra-skapis\/"},"modified":"2023-11-29T13:37:15","modified_gmt":"2023-11-29T13:37:15","slug":"sandra-skapis","status":"publish","type":"product","link":"https:\/\/heavens-furniture.com\/lv\/produkti\/sandra-skapis\/","title":{"rendered":"Sandra skapis"},"content":{"rendered":"<p>&nbsp;<\/p>\n<p>&nbsp;<\/p>\n<p>&nbsp;<\/p>\n<p>&nbsp;<\/p>\n<p>&nbsp;<\/p>\n<p><img decoding=\"async\" style=\"width: 684px; height: 424px;\" src=\"\/upload\/Kolekcijas\/Sandra\/sandra_skapis_atverts.png\" alt=\"\" \/><\/p>\n","protected":false},"excerpt":{"rendered":"<p>Svaiga koka smar\u017ea, m\u0101j\u012bga noska\u0146a \u2013 \u012bsta izv\u0113le tiem, kuri ciena palieko\u0161as v\u0113rt\u012bbas.<\/p>\n<div id=\"gtx-trans\" style=\"position: absolute; left: -57px; top: -9.33333px;\">\n<div class=\"gtx-trans-icon\"><\/div>\n<\/div>\n","protected":false},"featured_media":15962,"template":"","meta":{"_acf_changed":false,"iawp_total_views":5},"product_brand":[],"product_cat":[26,43,25],"product_tag":[],"class_list":{"0":"post-985","1":"product","2":"type-product","3":"status-publish","4":"has-post-thumbnail","6":"product_cat-kolekcijas","7":"product_cat-sandra","8":"product_cat-skapji","10":"first","11":"instock","12":"shipping-taxable","13":"product-type-simple"},"acf":[],"_links":{"self":[{"href":"https:\/\/heavens-furniture.com\/lv\/wp-json\/wp\/v2\/product\/985\/"}],"collection":[{"href":"https:\/\/heavens-furniture.com\/lv\/wp-json\/wp\/v2\/product\/"}],"about":[{"href":"https:\/\/heavens-furniture.com\/lv\/wp-json\/wp\/v2\/types\/product\/"}],"wp:featuredmedia":[{"embeddable":true,"href":"https:\/\/heavens-furniture.com\/lv\/wp-json\/wp\/v2\/media\/15962\/"}],"wp:attachment":[{"href":"https:\/\/heavens-furniture.com\/lv\/wp-json\/wp\/v2\/media\/?parent=985"}],"wp:term":[{"taxonomy":"product_brand","embeddable":true,"href":"https:\/\/heavens-furniture.com\/lv\/wp-json\/wp\/v2\/product_brand\/?post=985"},{"taxonomy":"product_cat","embeddable":true,"href":"https:\/\/heavens-furniture.com\/lv\/wp-json\/wp\/v2\/product_cat\/?post=985"},{"taxonomy":"product_tag","embeddable":true,"href":"https:\/\/heavens-furniture.com\/lv\/wp-json\/wp\/v2\/product_tag\/?post=985"}],"curies":[{"name":"wp","href":"https:\/\/api.w.org\/{rel}","templated":true}]}}