{"id":986,"date":"2019-08-15T08:16:30","date_gmt":"2019-08-15T08:16:30","guid":{"rendered":"https:\/\/heavens-furniture.com\/produkti\/scarlett-kosmetikas-galds\/"},"modified":"2023-11-29T13:36:53","modified_gmt":"2023-11-29T13:36:53","slug":"scarlett-kosmetikas-galds","status":"publish","type":"product","link":"https:\/\/heavens-furniture.com\/lv\/produkti\/scarlett-kosmetikas-galds\/","title":{"rendered":"Scarlett kosm\u0113tikas galds"},"content":{"rendered":"<p>&nbsp;<\/p>\n<p>&nbsp;<\/p>\n<p>&nbsp;<\/p>\n<p><img decoding=\"async\" style=\"float: left;\" src=\"\/upload\/Kolekcijas\/Scarlett\/scarlett_pudergalds.png\" alt=\"\" \/><\/p>\n","protected":false},"excerpt":{"rendered":"<p>Moderns un lakonisks kosm\u0113tikas galds ar lielu spoguli un nolokam\u0101m mal\u0101m, kas iesp\u0113ju spoguli izmantot da\u017e\u0101diem skatu le\u0146\u0137iem.<\/p>\n<div id=\"gtx-trans\" style=\"position: absolute; left: 217px; top: -9.33333px;\">\n<div class=\"gtx-trans-icon\"><\/div>\n<\/div>\n","protected":false},"featured_media":15563,"template":"","meta":{"_acf_changed":false,"iawp_total_views":2},"product_brand":[],"product_cat":[26,35,78],"product_tag":[],"class_list":{"0":"post-986","1":"product","2":"type-product","3":"status-publish","4":"has-post-thumbnail","6":"product_cat-kolekcijas","7":"product_cat-scarlett","8":"product_cat-spoguli","10":"first","11":"instock","12":"shipping-taxable","13":"product-type-simple"},"acf":[],"_links":{"self":[{"href":"https:\/\/heavens-furniture.com\/lv\/wp-json\/wp\/v2\/product\/986\/"}],"collection":[{"href":"https:\/\/heavens-furniture.com\/lv\/wp-json\/wp\/v2\/product\/"}],"about":[{"href":"https:\/\/heavens-furniture.com\/lv\/wp-json\/wp\/v2\/types\/product\/"}],"wp:featuredmedia":[{"embeddable":true,"href":"https:\/\/heavens-furniture.com\/lv\/wp-json\/wp\/v2\/media\/15563\/"}],"wp:attachment":[{"href":"https:\/\/heavens-furniture.com\/lv\/wp-json\/wp\/v2\/media\/?parent=986"}],"wp:term":[{"taxonomy":"product_brand","embeddable":true,"href":"https:\/\/heavens-furniture.com\/lv\/wp-json\/wp\/v2\/product_brand\/?post=986"},{"taxonomy":"product_cat","embeddable":true,"href":"https:\/\/heavens-furniture.com\/lv\/wp-json\/wp\/v2\/product_cat\/?post=986"},{"taxonomy":"product_tag","embeddable":true,"href":"https:\/\/heavens-furniture.com\/lv\/wp-json\/wp\/v2\/product_tag\/?post=986"}],"curies":[{"name":"wp","href":"https:\/\/api.w.org\/{rel}","templated":true}]}}