{"id":988,"date":"2019-08-15T08:16:30","date_gmt":"2019-08-15T08:16:30","guid":{"rendered":"https:\/\/heavens-furniture.com\/produkti\/twins-kumode-k2\/"},"modified":"2023-11-29T13:37:03","modified_gmt":"2023-11-29T13:37:03","slug":"twins-kumode-k2","status":"publish","type":"product","link":"https:\/\/heavens-furniture.com\/lv\/produkti\/twins-kumode-k2\/","title":{"rendered":"Twins K2 kumode"},"content":{"rendered":"<p>&nbsp;<\/p>\n<p>&nbsp;<\/p>\n<p><img decoding=\"async\" src=\"\/upload\/Kolekcijas\/Twins\/twins_k3.png\" alt=\"\" \/><\/p>\n","protected":false},"excerpt":{"rendered":"<p>Vieglu l\u012bniju kumode, kas sev\u012b apvieno lab\u0101ko no modern\u0101 un retro dizaina l\u012bnij\u0101m.<\/p>\n","protected":false},"featured_media":15470,"template":"","meta":{"_acf_changed":false,"iawp_total_views":18},"product_brand":[],"product_cat":[26,28,24],"product_tag":[],"class_list":{"0":"post-988","1":"product","2":"type-product","3":"status-publish","4":"has-post-thumbnail","6":"product_cat-kolekcijas","7":"product_cat-teo","8":"product_cat-kumodes","10":"first","11":"instock","12":"shipping-taxable","13":"product-type-simple"},"acf":[],"_links":{"self":[{"href":"https:\/\/heavens-furniture.com\/lv\/wp-json\/wp\/v2\/product\/988\/"}],"collection":[{"href":"https:\/\/heavens-furniture.com\/lv\/wp-json\/wp\/v2\/product\/"}],"about":[{"href":"https:\/\/heavens-furniture.com\/lv\/wp-json\/wp\/v2\/types\/product\/"}],"wp:featuredmedia":[{"embeddable":true,"href":"https:\/\/heavens-furniture.com\/lv\/wp-json\/wp\/v2\/media\/15470\/"}],"wp:attachment":[{"href":"https:\/\/heavens-furniture.com\/lv\/wp-json\/wp\/v2\/media\/?parent=988"}],"wp:term":[{"taxonomy":"product_brand","embeddable":true,"href":"https:\/\/heavens-furniture.com\/lv\/wp-json\/wp\/v2\/product_brand\/?post=988"},{"taxonomy":"product_cat","embeddable":true,"href":"https:\/\/heavens-furniture.com\/lv\/wp-json\/wp\/v2\/product_cat\/?post=988"},{"taxonomy":"product_tag","embeddable":true,"href":"https:\/\/heavens-furniture.com\/lv\/wp-json\/wp\/v2\/product_tag\/?post=988"}],"curies":[{"name":"wp","href":"https:\/\/api.w.org\/{rel}","templated":true}]}}