{"id":992,"date":"2019-08-15T08:16:31","date_gmt":"2019-08-15T08:16:31","guid":{"rendered":"https:\/\/heavens-furniture.com\/produkti\/mitau-apalais-zurnalgalds\/"},"modified":"2023-11-29T13:38:37","modified_gmt":"2023-11-29T13:38:37","slug":"mitau-apalais-zurnalgalds","status":"publish","type":"product","link":"https:\/\/heavens-furniture.com\/lv\/produkti\/mitau-apalais-zurnalgalds\/","title":{"rendered":"Mitau \u017eurn\u0101lgalds"},"content":{"rendered":"<p>&nbsp;<\/p>\n<p>&nbsp;<\/p>\n<p>&nbsp;<\/p>\n<p>&nbsp;<\/p>\n<p>&nbsp;<\/p>\n<p>&nbsp;<\/p>\n<p><img decoding=\"async\" style=\"float: left;\" src=\"\/upload\/Kolekcijas\/Mitau\/mitau_kafijas_galdins.png\" alt=\"\" \/><\/p>\n","protected":false},"excerpt":{"rendered":"<p>Mitau kolekcijas galdi ienes\u012bs elegantu viegluma saj\u016btu gan dz\u012bvojamaj\u0101 istab\u0101, gan virtuv\u0113, k\u0101 ar\u012b biroj\u0101.<\/p>\n<div id=\"gtx-trans\" style=\"position: absolute; left: -27px; top: -9.33333px;\">\n<div class=\"gtx-trans-icon\"><\/div>\n<\/div>\n","protected":false},"featured_media":15935,"template":"","meta":{"_acf_changed":false,"iawp_total_views":0},"product_brand":[],"product_cat":[52,26,32],"product_tag":[],"class_list":{"0":"post-992","1":"product","2":"type-product","3":"status-publish","4":"has-post-thumbnail","6":"product_cat-galdi","7":"product_cat-kolekcijas","8":"product_cat-mitau","10":"first","11":"instock","12":"shipping-taxable","13":"product-type-simple"},"acf":[],"_links":{"self":[{"href":"https:\/\/heavens-furniture.com\/lv\/wp-json\/wp\/v2\/product\/992\/"}],"collection":[{"href":"https:\/\/heavens-furniture.com\/lv\/wp-json\/wp\/v2\/product\/"}],"about":[{"href":"https:\/\/heavens-furniture.com\/lv\/wp-json\/wp\/v2\/types\/product\/"}],"wp:featuredmedia":[{"embeddable":true,"href":"https:\/\/heavens-furniture.com\/lv\/wp-json\/wp\/v2\/media\/15935\/"}],"wp:attachment":[{"href":"https:\/\/heavens-furniture.com\/lv\/wp-json\/wp\/v2\/media\/?parent=992"}],"wp:term":[{"taxonomy":"product_brand","embeddable":true,"href":"https:\/\/heavens-furniture.com\/lv\/wp-json\/wp\/v2\/product_brand\/?post=992"},{"taxonomy":"product_cat","embeddable":true,"href":"https:\/\/heavens-furniture.com\/lv\/wp-json\/wp\/v2\/product_cat\/?post=992"},{"taxonomy":"product_tag","embeddable":true,"href":"https:\/\/heavens-furniture.com\/lv\/wp-json\/wp\/v2\/product_tag\/?post=992"}],"curies":[{"name":"wp","href":"https:\/\/api.w.org\/{rel}","templated":true}]}}