{"id":995,"date":"2019-08-15T08:16:32","date_gmt":"2019-08-15T08:16:32","guid":{"rendered":"https:\/\/heavens-furniture.com\/produkti\/twins-naktsskapitis\/"},"modified":"2023-11-29T13:39:01","modified_gmt":"2023-11-29T13:39:01","slug":"twins-naktsskapitis","status":"publish","type":"product","link":"https:\/\/heavens-furniture.com\/lv\/produkti\/twins-naktsskapitis\/","title":{"rendered":"Twins naktsskap\u012btis"},"content":{"rendered":"<p style=\"line-height: 20.8px;\"><img decoding=\"async\" src=\"\/upload\/Kolekcijas\/Twins\/twins_n_sk.png\" alt=\"\" \/><\/p>\n<p style=\"line-height: 20.8px;\">\n","protected":false},"excerpt":{"rendered":"<p>Vieglu l\u012bniju naktsskap\u012btis, kas sev\u012b apvieno lab\u0101ko no moderno un retro dizaina l\u012bnij\u0101m.<\/p>\n<div id=\"gtx-trans\" style=\"position: absolute; left: 107px; top: 37.6667px;\">\n<div class=\"gtx-trans-icon\"><\/div>\n<\/div>\n","protected":false},"featured_media":15281,"template":"","meta":{"_acf_changed":false,"iawp_total_views":10},"product_brand":[],"product_cat":[26,28,23],"product_tag":[],"class_list":{"0":"post-995","1":"product","2":"type-product","3":"status-publish","4":"has-post-thumbnail","6":"product_cat-kolekcijas","7":"product_cat-teo","8":"product_cat-naktsskapisi","10":"first","11":"instock","12":"shipping-taxable","13":"product-type-simple"},"acf":[],"_links":{"self":[{"href":"https:\/\/heavens-furniture.com\/lv\/wp-json\/wp\/v2\/product\/995\/"}],"collection":[{"href":"https:\/\/heavens-furniture.com\/lv\/wp-json\/wp\/v2\/product\/"}],"about":[{"href":"https:\/\/heavens-furniture.com\/lv\/wp-json\/wp\/v2\/types\/product\/"}],"wp:featuredmedia":[{"embeddable":true,"href":"https:\/\/heavens-furniture.com\/lv\/wp-json\/wp\/v2\/media\/15281\/"}],"wp:attachment":[{"href":"https:\/\/heavens-furniture.com\/lv\/wp-json\/wp\/v2\/media\/?parent=995"}],"wp:term":[{"taxonomy":"product_brand","embeddable":true,"href":"https:\/\/heavens-furniture.com\/lv\/wp-json\/wp\/v2\/product_brand\/?post=995"},{"taxonomy":"product_cat","embeddable":true,"href":"https:\/\/heavens-furniture.com\/lv\/wp-json\/wp\/v2\/product_cat\/?post=995"},{"taxonomy":"product_tag","embeddable":true,"href":"https:\/\/heavens-furniture.com\/lv\/wp-json\/wp\/v2\/product_tag\/?post=995"}],"curies":[{"name":"wp","href":"https:\/\/api.w.org\/{rel}","templated":true}]}}