{"id":999,"date":"2019-08-15T08:16:32","date_gmt":"2019-08-15T08:16:32","guid":{"rendered":"https:\/\/heavens-furniture.com\/produkti\/eden-pufs\/"},"modified":"2023-11-29T13:39:45","modified_gmt":"2023-11-29T13:39:45","slug":"eden-pufs","status":"publish","type":"product","link":"https:\/\/heavens-furniture.com\/lv\/produkti\/eden-pufs\/","title":{"rendered":"Eden pufs"},"content":{"rendered":"<p>&nbsp;<\/p>\n<p>&nbsp;<\/p>\n<p><img decoding=\"async\" src=\"\/upload\/Kolekcijas\/Eden\/eden_pufs.png\" alt=\"\" \/><\/p>\n","protected":false},"excerpt":{"rendered":"<p>&#8220;Eden&#8221; kolekcijas pufs ar liekti l\u012bm\u0113to ozolkoka rokturi b\u016bs telpas galvenais elements, kas piesaist\u012bs uzman\u012bbu jebkur\u0101 interjer\u0101.<\/p>\n","protected":false},"featured_media":15689,"template":"","meta":{"_acf_changed":false,"iawp_total_views":4},"product_brand":[],"product_cat":[359,26,31,51],"product_tag":[727],"class_list":{"0":"post-999","1":"product","2":"type-product","3":"status-publish","4":"has-post-thumbnail","6":"product_cat-eden-ru","7":"product_cat-kolekcijas","8":"product_cat-eden","9":"product_cat-pufi","10":"product_tag-koks-un-audums","12":"first","13":"instock","14":"shipping-taxable","15":"product-type-simple"},"acf":[],"_links":{"self":[{"href":"https:\/\/heavens-furniture.com\/lv\/wp-json\/wp\/v2\/product\/999\/"}],"collection":[{"href":"https:\/\/heavens-furniture.com\/lv\/wp-json\/wp\/v2\/product\/"}],"about":[{"href":"https:\/\/heavens-furniture.com\/lv\/wp-json\/wp\/v2\/types\/product\/"}],"wp:featuredmedia":[{"embeddable":true,"href":"https:\/\/heavens-furniture.com\/lv\/wp-json\/wp\/v2\/media\/15689\/"}],"wp:attachment":[{"href":"https:\/\/heavens-furniture.com\/lv\/wp-json\/wp\/v2\/media\/?parent=999"}],"wp:term":[{"taxonomy":"product_brand","embeddable":true,"href":"https:\/\/heavens-furniture.com\/lv\/wp-json\/wp\/v2\/product_brand\/?post=999"},{"taxonomy":"product_cat","embeddable":true,"href":"https:\/\/heavens-furniture.com\/lv\/wp-json\/wp\/v2\/product_cat\/?post=999"},{"taxonomy":"product_tag","embeddable":true,"href":"https:\/\/heavens-furniture.com\/lv\/wp-json\/wp\/v2\/product_tag\/?post=999"}],"curies":[{"name":"wp","href":"https:\/\/api.w.org\/{rel}","templated":true}]}}