{"id":11711,"date":"2019-10-22T07:13:17","date_gmt":"2019-10-22T07:13:17","guid":{"rendered":"https:\/\/heavens-furniture.com\/matraci_sakums\/"},"modified":"2023-07-25T09:12:42","modified_gmt":"2023-07-25T09:12:42","slug":"matraci_sakums","status":"publish","type":"page","link":"https:\/\/heavens-furniture.com\/ru\/matraci_sakums\/","title":{"rendered":"M\u0430\u0442\u0440\u0430\u0441\u044b"},"content":{"rendered":"\t\t<div data-elementor-type=\"wp-post\" data-elementor-id=\"11711\" class=\"elementor elementor-11711\" data-elementor-post-type=\"page\">\n\t\t\t\t\t\t<section class=\"elementor-section elementor-top-section elementor-element elementor-element-56e4942 elementor-section-height-full elementor-section-items-bottom elementor-section-stretched elementor-section-boxed elementor-section-height-default\" data-id=\"56e4942\" data-element_type=\"section\" data-settings=\"{&quot;background_background&quot;:&quot;video&quot;,&quot;stretch_section&quot;:&quot;section-stretched&quot;}\">\n\t\t\t\t\t\t\t<div class=\"elementor-background-overlay\"><\/div>\n\t\t\t\t\t\t\t<div class=\"elementor-container elementor-column-gap-no\">\n\t\t\t\t\t<div class=\"elementor-column elementor-col-100 elementor-top-column elementor-element elementor-element-3fc584b\" data-id=\"3fc584b\" data-element_type=\"column\">\n\t\t\t<div class=\"elementor-widget-wrap elementor-element-populated\">\n\t\t\t\t\t\t<div class=\"elementor-element elementor-element-9f3619e elementor-widget elementor-widget-heading\" data-id=\"9f3619e\" data-element_type=\"widget\" data-widget_type=\"heading.default\">\n\t\t\t\t<div class=\"elementor-widget-container\">\n\t\t\t\t\t<h5 class=\"elementor-heading-title elementor-size-default\">\u0412 \u0421\u0420\u0415\u0414\u041d\u0415\u041c \u0427\u0415\u041b\u041e\u0412\u0415\u041a \u041f\u0420\u041e\u0412\u041e\u0414\u0418\u0422 26 \u041b\u0415\u0422 \u0421\u0412\u041e\u0415\u0419 \u0416\u0418\u0417\u041d\u0418 \u0412\u041e \u0421\u041d\u0415 \u0418 \u0415\u0429\u0415 \u0414\u0412\u0410 \u0413\u041e\u0414\u0410 \u041f\u0420\u041e\u0421\u0422\u041e \u041f\u042b\u0422\u0410\u0415\u0422\u0421\u042f \u0417\u0410\u0421\u041d\u0423\u0422\u042c. \u042d\u0422\u041e \u0417\u041d\u0410\u0427\u0418\u0422, \u0427\u0422\u041e 28 \u041b\u0415\u0422 \u0416\u0418\u0417\u041d\u0418 \u0427\u0415\u041b\u041e\u0412\u0415\u041a\u0410 \u041f\u0420\u041e\u0425\u041e\u0414\u042f\u0422 \u0412 \u041f\u041e\u0421\u0422\u0415\u041b\u0418!<\/h5>\t\t\t\t<\/div>\n\t\t\t\t<\/div>\n\t\t\t\t<div class=\"elementor-element elementor-element-c953c98 elementor-hidden-desktop elementor-hidden-tablet elementor-widget elementor-widget-spacer\" data-id=\"c953c98\" data-element_type=\"widget\" data-widget_type=\"spacer.default\">\n\t\t\t\t<div class=\"elementor-widget-container\">\n\t\t\t\t\t\t\t<div class=\"elementor-spacer\">\n\t\t\t<div class=\"elementor-spacer-inner\"><\/div>\n\t\t<\/div>\n\t\t\t\t\t\t<\/div>\n\t\t\t\t<\/div>\n\t\t\t\t<div class=\"elementor-element elementor-element-089b131 elementor-widget elementor-widget-text-editor\" data-id=\"089b131\" data-element_type=\"widget\" data-widget_type=\"text-editor.default\">\n\t\t\t\t<div class=\"elementor-widget-container\">\n\t\t\t\t\t\t\t\t\t<p><span style=\"font-weight: 400;\">Atlasot da\u017e\u0101dus m\u012bkstos materi\u0101lus un str\u0101d\u0101jot pie ergonomisko kabat-atsperu pilnveido\u0161anas, ir rad\u012btas tr\u012bs da\u017e\u0101das matra\u010du kolekcijas &#8212; \u201cPils Matra\u010di\u201d, \u201cStay\u201d un \u201cHeavens\u201d.<\/span><\/p>\n\t\t\t\t\t\t\t\t<\/div>\n\t\t\t\t<\/div>\n\t\t\t\t<section class=\"elementor-section elementor-inner-section elementor-element elementor-element-e9a2424 elementor-hidden-phone elementor-section-boxed elementor-section-height-default elementor-section-height-default\" data-id=\"e9a2424\" data-element_type=\"section\">\n\t\t\t\t\t\t<div class=\"elementor-container elementor-column-gap-default\">\n\t\t\t\t\t<div class=\"elementor-column elementor-col-33 elementor-inner-column elementor-element elementor-element-dc3fb08\" data-id=\"dc3fb08\" data-element_type=\"column\" data-settings=\"{&quot;background_background&quot;:&quot;classic&quot;}\">\n\t\t\t<div class=\"elementor-widget-wrap elementor-element-populated\">\n\t\t\t\t\t\t<div class=\"elementor-element elementor-element-9e62adb elementor-widget elementor-widget-image\" data-id=\"9e62adb\" data-element_type=\"widget\" data-widget_type=\"image.default\">\n\t\t\t\t<div class=\"elementor-widget-container\">\n\t\t\t\t\t\t\t\t\t\t\t\t\t\t\t\t<a href=\"https:\/\/heavens-furniture.com\/matraci_sakums\/stay-matraci\/?lang=ru\">\n\t\t\t\t\t\t\t<img decoding=\"async\" src=\"https:\/\/heavens-furniture.com\/wp-content\/uploads\/elementor\/thumbs\/stay_logo-qt7jyggsfbz7f6io5j24vp2u3yqqjo38q7tj6nblds.png\" title=\"stay_logo\" alt=\"stay_logo\" loading=\"lazy\" \/>\t\t\t\t\t\t\t\t<\/a>\n\t\t\t\t\t\t\t\t\t\t\t\t\t\t\t<\/div>\n\t\t\t\t<\/div>\n\t\t\t\t\t<\/div>\n\t\t<\/div>\n\t\t\t\t<div class=\"elementor-column elementor-col-33 elementor-inner-column elementor-element elementor-element-7f69192\" data-id=\"7f69192\" data-element_type=\"column\" data-settings=\"{&quot;background_background&quot;:&quot;classic&quot;}\">\n\t\t\t<div class=\"elementor-widget-wrap elementor-element-populated\">\n\t\t\t\t\t\t<div class=\"elementor-element elementor-element-a08ba5e elementor-widget elementor-widget-image\" data-id=\"a08ba5e\" data-element_type=\"widget\" data-widget_type=\"image.default\">\n\t\t\t\t<div class=\"elementor-widget-container\">\n\t\t\t\t\t\t\t\t\t\t\t\t\t\t\t\t<a href=\"https:\/\/heavens-furniture.com\/matraci_sakums\/pils-matraci\/?lang=ru\">\n\t\t\t\t\t\t\t<img decoding=\"async\" src=\"https:\/\/heavens-furniture.com\/wp-content\/uploads\/elementor\/thumbs\/pils_matraci-qt7jz232sisqsjwu7ojb4c1fqfxrc49y7u9x0ps1kw.png\" title=\"pils_matraci\" alt=\"pils_matraci\" loading=\"lazy\" \/>\t\t\t\t\t\t\t\t<\/a>\n\t\t\t\t\t\t\t\t\t\t\t\t\t\t\t<\/div>\n\t\t\t\t<\/div>\n\t\t\t\t\t<\/div>\n\t\t<\/div>\n\t\t\t\t<div class=\"elementor-column elementor-col-33 elementor-inner-column elementor-element elementor-element-e86829f\" data-id=\"e86829f\" data-element_type=\"column\" data-settings=\"{&quot;background_background&quot;:&quot;classic&quot;}\">\n\t\t\t<div class=\"elementor-widget-wrap elementor-element-populated\">\n\t\t\t\t\t\t<div class=\"elementor-element elementor-element-917e5d5 elementor-widget elementor-widget-image\" data-id=\"917e5d5\" data-element_type=\"widget\" data-widget_type=\"image.default\">\n\t\t\t\t<div class=\"elementor-widget-container\">\n\t\t\t\t\t\t\t\t\t\t\t\t\t\t\t\t<a href=\"https:\/\/heavens-furniture.com\/matraci_sakums\/heavens-matraci\/?lang=ru\">\n\t\t\t\t\t\t\t<img decoding=\"async\" src=\"https:\/\/heavens-furniture.com\/wp-content\/uploads\/elementor\/thumbs\/heavens_logo-1-qt7jzon7cjnlid4uu5cqctjzyzxcwk5y69nofpiuio.png\" title=\"heavens_logo\" alt=\"heavens_logo\" loading=\"lazy\" \/>\t\t\t\t\t\t\t\t<\/a>\n\t\t\t\t\t\t\t\t\t\t\t\t\t\t\t<\/div>\n\t\t\t\t<\/div>\n\t\t\t\t\t<\/div>\n\t\t<\/div>\n\t\t\t\t\t<\/div>\n\t\t<\/section>\n\t\t\t\t\t<\/div>\n\t\t<\/div>\n\t\t\t\t\t<\/div>\n\t\t<\/section>\n\t\t\t\t<section class=\"elementor-section elementor-inner-section elementor-element elementor-element-bca5986 elementor-hidden-desktop elementor-hidden-tablet elementor-section-boxed elementor-section-height-default elementor-section-height-default\" data-id=\"bca5986\" data-element_type=\"section\">\n\t\t\t\t\t\t<div class=\"elementor-container elementor-column-gap-default\">\n\t\t\t\t\t<div class=\"elementor-column elementor-col-33 elementor-inner-column elementor-element elementor-element-efe63bd\" data-id=\"efe63bd\" data-element_type=\"column\" data-settings=\"{&quot;background_background&quot;:&quot;classic&quot;}\">\n\t\t\t<div class=\"elementor-widget-wrap elementor-element-populated\">\n\t\t\t\t\t\t<div class=\"elementor-element elementor-element-244ba90 elementor-widget elementor-widget-image\" data-id=\"244ba90\" data-element_type=\"widget\" data-widget_type=\"image.default\">\n\t\t\t\t<div class=\"elementor-widget-container\">\n\t\t\t\t\t\t\t\t\t\t\t\t\t\t\t\t<a href=\"https:\/\/heavens-furniture.com\/matraci_sakums\/stay-matraci\/?lang=ru\">\n\t\t\t\t\t\t\t<img decoding=\"async\" src=\"https:\/\/heavens-furniture.com\/wp-content\/uploads\/elementor\/thumbs\/stay_logo-qt7jyggsfbz7f6io5j24vp2u3yqqjo38q7tj6nblds.png\" title=\"stay_logo\" alt=\"stay_logo\" loading=\"lazy\" \/>\t\t\t\t\t\t\t\t<\/a>\n\t\t\t\t\t\t\t\t\t\t\t\t\t\t\t<\/div>\n\t\t\t\t<\/div>\n\t\t\t\t\t<\/div>\n\t\t<\/div>\n\t\t\t\t<div class=\"elementor-column elementor-col-33 elementor-inner-column elementor-element elementor-element-fd7423a\" data-id=\"fd7423a\" data-element_type=\"column\" data-settings=\"{&quot;background_background&quot;:&quot;classic&quot;}\">\n\t\t\t<div class=\"elementor-widget-wrap elementor-element-populated\">\n\t\t\t\t\t\t<div class=\"elementor-element elementor-element-4f38b2b elementor-widget elementor-widget-image\" data-id=\"4f38b2b\" data-element_type=\"widget\" data-widget_type=\"image.default\">\n\t\t\t\t<div class=\"elementor-widget-container\">\n\t\t\t\t\t\t\t\t\t\t\t\t\t\t\t\t<a href=\"https:\/\/heavens-furniture.com\/matraci_sakums\/pils-matraci\/?lang=ru\">\n\t\t\t\t\t\t\t<img decoding=\"async\" src=\"https:\/\/heavens-furniture.com\/wp-content\/uploads\/elementor\/thumbs\/pils_matraci-qt7jz232sisqsjwu7ojb4c1fqfxrc49y7u9x0ps1kw.png\" title=\"pils_matraci\" alt=\"pils_matraci\" loading=\"lazy\" \/>\t\t\t\t\t\t\t\t<\/a>\n\t\t\t\t\t\t\t\t\t\t\t\t\t\t\t<\/div>\n\t\t\t\t<\/div>\n\t\t\t\t\t<\/div>\n\t\t<\/div>\n\t\t\t\t<div class=\"elementor-column elementor-col-33 elementor-inner-column elementor-element elementor-element-3b4ad6b\" data-id=\"3b4ad6b\" data-element_type=\"column\" data-settings=\"{&quot;background_background&quot;:&quot;classic&quot;}\">\n\t\t\t<div class=\"elementor-widget-wrap elementor-element-populated\">\n\t\t\t\t\t\t<div class=\"elementor-element elementor-element-8fa2758 elementor-widget elementor-widget-image\" data-id=\"8fa2758\" data-element_type=\"widget\" data-widget_type=\"image.default\">\n\t\t\t\t<div class=\"elementor-widget-container\">\n\t\t\t\t\t\t\t\t\t\t\t\t\t\t\t\t<a href=\"https:\/\/heavens-furniture.com\/matraci_sakums\/heavens-matraci\/?lang=ru\">\n\t\t\t\t\t\t\t<img decoding=\"async\" src=\"https:\/\/heavens-furniture.com\/wp-content\/uploads\/elementor\/thumbs\/heavens_logo-1-qt7jzon7cjnlid4uu5cqctjzyzxcwk5y69nofpiuio.png\" title=\"heavens_logo\" alt=\"heavens_logo\" loading=\"lazy\" \/>\t\t\t\t\t\t\t\t<\/a>\n\t\t\t\t\t\t\t\t\t\t\t\t\t\t\t<\/div>\n\t\t\t\t<\/div>\n\t\t\t\t\t<\/div>\n\t\t<\/div>\n\t\t\t\t\t<\/div>\n\t\t<\/section>\n\t\t\t\t<\/div>\n\t\t","protected":false},"excerpt":{"rendered":"<p>\u0412 \u0421\u0420\u0415\u0414\u041d\u0415\u041c \u0427\u0415\u041b\u041e\u0412\u0415\u041a \u041f\u0420\u041e\u0412\u041e\u0414\u0418\u0422 26 \u041b\u0415\u0422 \u0421\u0412\u041e\u0415\u0419 \u0416\u0418\u0417\u041d\u0418 \u0412\u041e \u0421\u041d\u0415 \u0418 \u0415\u0429\u0415 \u0414\u0412\u0410 \u0413\u041e\u0414\u0410 \u041f\u0420\u041e\u0421\u0422\u041e \u041f\u042b\u0422\u0410\u0415\u0422\u0421\u042f \u0417\u0410\u0421\u041d\u0423\u0422\u042c. \u042d\u0422\u041e \u0417\u041d\u0410\u0427\u0418\u0422, \u0427\u0422\u041e 28 \u041b\u0415\u0422 \u0416\u0418\u0417\u041d\u0418 \u0427\u0415\u041b\u041e\u0412\u0415\u041a\u0410 \u041f\u0420\u041e\u0425\u041e\u0414\u042f\u0422 \u0412 \u041f\u041e\u0421\u0422\u0415\u041b\u0418! Atlasot da\u017e\u0101dus m\u012bkstos materi\u0101lus un str\u0101d\u0101jot pie ergonomisko kabat-atsperu pilnveido\u0161anas, ir rad\u012btas tr\u012bs da\u017e\u0101das matra\u010du kolekcijas &#8212; \u201cPils Matra\u010di\u201d, \u201cStay\u201d un \u201cHeavens\u201d.<\/p>\n","protected":false},"author":2,"featured_media":0,"parent":0,"menu_order":21,"comment_status":"closed","ping_status":"closed","template":"elementor_header_footer","meta":{"_acf_changed":false,"iawp_total_views":0,"footnotes":""},"class_list":["post-11711","page","type-page","status-publish","hentry"],"acf":[],"_links":{"self":[{"href":"https:\/\/heavens-furniture.com\/ru\/wp-json\/wp\/v2\/pages\/11711\/"}],"collection":[{"href":"https:\/\/heavens-furniture.com\/ru\/wp-json\/wp\/v2\/pages\/"}],"about":[{"href":"https:\/\/heavens-furniture.com\/ru\/wp-json\/wp\/v2\/types\/page\/"}],"author":[{"embeddable":true,"href":"https:\/\/heavens-furniture.com\/ru\/wp-json\/wp\/v2\/users\/2\/"}],"replies":[{"embeddable":true,"href":"https:\/\/heavens-furniture.com\/ru\/wp-json\/wp\/v2\/comments\/?post=11711"}],"version-history":[{"count":4,"href":"https:\/\/heavens-furniture.com\/ru\/wp-json\/wp\/v2\/pages\/11711\/revisions\/"}],"predecessor-version":[{"id":11883,"href":"https:\/\/heavens-furniture.com\/ru\/wp-json\/wp\/v2\/pages\/11711\/revisions\/11883\/"}],"wp:attachment":[{"href":"https:\/\/heavens-furniture.com\/ru\/wp-json\/wp\/v2\/media\/?parent=11711"}],"curies":[{"name":"wp","href":"https:\/\/api.w.org\/{rel}","templated":true}]}}